{"id":1376,"date":"2022-08-25T03:57:11","date_gmt":"2022-08-25T01:57:11","guid":{"rendered":"https:\/\/www.wsinteractive.com\/?page_id=1376"},"modified":"2023-11-28T14:22:19","modified_gmt":"2023-11-28T13:22:19","slug":"seo-et-digital-marketing","status":"publish","type":"page","link":"https:\/\/www.wsinteractive.com\/fr\/seo-et-digital-marketing\/","title":{"rendered":"SEO et Digital marketing"},"content":{"rendered":"\n<div class=\"wp-block-columns banner-landingpage header-page is-layout-flex wp-container-core-columns-is-layout-9d6595d7 wp-block-columns-is-layout-flex\">\n<div class=\"wp-block-column is-layout-flow wp-block-column-is-layout-flow\" style=\"flex-basis:50%\">\n<p class=\"mini-text is-style-reference-tags\">NOTRE OFFRE<\/p>\n\n\n\n<h1 class=\"wp-block-heading\" id=\"h-seo-chez-l-agence-web\"><strong>SEO<\/strong> <img decoding=\"async\" width=\"117\" height=\"61\" class=\"wp-image-1468\" style=\"width: 117px;\" src=\"https:\/\/www.wsinteractive.com\/wp-content\/uploads\/2022\/08\/Group-510.png\" alt=\"\"> chez l\u2019agence web<\/h1>\n\n\n\n<p><strong>Le r\u00e9f\u00e9rencement naturel ou l\u2019optimisation de vos contenus pour les moteurs de recherche (SEO)<\/strong><\/p>\n\n\n\n<p>Notre approche SEO est strat\u00e9gique et int\u00e9gr\u00e9e \u00e0 notre offre de cr\u00e9ation de sites internet d\u00e8s le d\u00e9but.<\/p>\n<\/div>\n\n\n\n<div class=\"wp-block-column is-layout-flow wp-block-column-is-layout-flow\" style=\"flex-basis:50%\">\n<figure class=\"wp-block-image size-full\"><img decoding=\"async\" width=\"669\" height=\"406\" src=\"https:\/\/www.wsinteractive.com\/wp-content\/uploads\/2022\/08\/AdobeStock_467687816-1.png\" alt=\"\" class=\"wp-image-1479\" srcset=\"https:\/\/www.wsinteractive.com\/wp-content\/uploads\/2022\/08\/AdobeStock_467687816-1.png 669w, https:\/\/www.wsinteractive.com\/wp-content\/uploads\/2022\/08\/AdobeStock_467687816-1-300x182.png 300w\" sizes=\"(max-width: 669px) 100vw, 669px\" \/><\/figure>\n<\/div>\n<\/div>\n\n\n\n<div style=\"height:80px\" aria-hidden=\"true\" class=\"wp-block-spacer is-style-wsi-break-line\"><\/div>\n\n\n\n<div class=\"wp-block-columns text-media-landingpage is-layout-flex wp-container-core-columns-is-layout-9d6595d7 wp-block-columns-is-layout-flex\">\n<div class=\"wp-block-column is-layout-flow wp-block-column-is-layout-flow\" style=\"flex-basis:33.33%\">\n<h2 class=\"wp-block-heading\" id=\"h-le-seo-une-approche-strategique\" style=\"font-size:44px\"><strong>Le SEO :<\/strong><br>une approche strat\u00e9gique<\/h2>\n\n\n\n<figure class=\"wp-block-image size-full is-resized\"><img decoding=\"async\" width=\"647\" height=\"323\" src=\"https:\/\/www.wsinteractive.com\/wp-content\/uploads\/2022\/08\/strategie.png\" alt=\"\" class=\"wp-image-2006\" style=\"width:310px;height:auto\" srcset=\"https:\/\/www.wsinteractive.com\/wp-content\/uploads\/2022\/08\/strategie.png 647w, https:\/\/www.wsinteractive.com\/wp-content\/uploads\/2022\/08\/strategie-300x150.png 300w\" sizes=\"(max-width: 647px) 100vw, 647px\" \/><\/figure>\n<\/div>\n\n\n\n<div class=\"wp-block-column is-layout-flow wp-block-column-is-layout-flow\" style=\"flex-basis:66.66%\">\n<p>La visibilit\u00e9 et le bon positionnement du site dans les r\u00e9sultats des moteurs de recherche n\u00e9cessite un travail d\u2019analyse strat\u00e9gique, de conseil \u00e9ditorial et un suivi r\u00e9gulier. \u00catre en position num\u00e9ro un (voire z\u00e9ro) lors des recherches de vos prospects est la raison d\u2019\u00eatre du r\u00e9f\u00e9rencement naturel, aussi nomm\u00e9 SEO (<strong>Search Engine Optimization<\/strong>).<\/p>\n<p>Un bon r\u00e9f\u00e9rencement est g\u00e9n\u00e9ralement associ\u00e9 \u00e0 un bon contenu. La performance de votre contenu est ainsi un levier pour obtenir un trafic qualifi\u00e9 et un meilleur positionnement.<\/p>\n<p>Mais le lien entre structures s\u00e9mantiques et contenu du site est en constante \u00e9volution. <br \/>Dans le but d\u2019am\u00e9liorer et p\u00e9renniser nos conseils et rapports, nous effectuons ainsi souvent un ensemble de recommandations \u00e9ditoriales. Nos conseils en hi\u00e9rarchie, vocabulaire tiennent compte de votre contenu, mais \u00e9galement de votre concurrence et des backlinks.<\/p>\n<p>Enfin, au-del\u00e0 les mots cl\u00e9s, nous nous appuyons sur des objectifs pr\u00e9cis pour cr\u00e9er des cocons s\u00e9mantiques qui font sens pour vos visiteurs.<\/p>\n<\/div>\n<\/div>\n\n\n\n<div style=\"height:102px\" aria-hidden=\"true\" class=\"wp-block-spacer is-style-wsi-break-line-reverse\"><\/div>\n\n\n\n<div class=\"wp-block-columns text-media-landingpage is-layout-flex wp-container-core-columns-is-layout-9d6595d7 wp-block-columns-is-layout-flex\">\n<div class=\"wp-block-column is-layout-flow wp-block-column-is-layout-flow\" style=\"flex-basis:33.33%\">\n<h2 class=\"wp-block-heading\" id=\"h-analyses\" style=\"font-size:50px\"><strong>Analyses<\/strong><\/h2>\n\n\n\n<figure class=\"wp-block-image size-full is-resized\"><img decoding=\"async\" width=\"611\" height=\"434\" src=\"https:\/\/www.wsinteractive.com\/wp-content\/uploads\/2022\/11\/analyse.png\" alt=\"\" class=\"wp-image-2905\" style=\"width:269px;height:auto\" srcset=\"https:\/\/www.wsinteractive.com\/wp-content\/uploads\/2022\/11\/analyse.png 611w, https:\/\/www.wsinteractive.com\/wp-content\/uploads\/2022\/11\/analyse-300x213.png 300w\" sizes=\"(max-width: 611px) 100vw, 611px\" \/><\/figure>\n<\/div>\n\n\n\n<div class=\"wp-block-column is-layout-flow wp-block-column-is-layout-flow\" style=\"flex-basis:66.66%\">\n<p>L\u2019analyse des r\u00e9sultats en SEO passe par une multitude de crit\u00e8res pour d\u00e9terminer les actions n\u00e9cessaires pour progresser.<\/p>\n<ul>\n<li>Statistiques de trafic<\/li>\n<li>Positionnement du site sur les moteurs de recherche<\/li>\n<li>Crawl des urls index\u00e9es par les moteurs de recherche<\/li>\n<li>Analyse de la s\u00e9mantique de vos pages<\/li>\n<li>\u00c9tude du maillage interne<\/li>\n<li>\u00c9tude des liens externes (backlinks)<\/li>\n<li>Analyse des expressions clefs cibl\u00e9es<\/li>\n<li>\u00c9tude approfondie des requ\u00eates pr\u00e9f\u00e9r\u00e9es de vos utilisateurs<\/li>\n<\/ul>\n<p>Dans l\u2019ensemble, il s\u2019agit \u00e9galement de mieux cerner le comportement des visiteurs sur votre site en fonction de leur provenance et afin de leur servir un contenu ad\u00e9quat et un site adapt\u00e9. De plus, ceci nous permet de travailler le vocabulaire employ\u00e9 sur votre site tant pour d\u00e9velopper l\u2019usage des expressions que pour les utiliser de mani\u00e8re strat\u00e9gique.<\/p>\n<\/div>\n<\/div>\n\n\n\n<div style=\"height:105px\" aria-hidden=\"true\" class=\"wp-block-spacer is-style-wsi-break-line\"><\/div>\n\n\n\n<div class=\"wp-block-columns text-media-landingpage is-layout-flex wp-container-core-columns-is-layout-9d6595d7 wp-block-columns-is-layout-flex\">\n<div class=\"wp-block-column is-layout-flow wp-block-column-is-layout-flow\" style=\"flex-basis:33.33%\">\n<h2 class=\"wp-block-heading\" id=\"h-notre-offre\" style=\"font-size:45px\"><strong>Notre offre<\/strong><\/h2>\n\n\n\n<figure class=\"wp-block-image size-full is-resized\"><img decoding=\"async\" width=\"569\" height=\"315\" src=\"https:\/\/www.wsinteractive.com\/wp-content\/uploads\/2022\/11\/offres.png\" alt=\"\" class=\"wp-image-2902\" style=\"width:256px;height:auto\" srcset=\"https:\/\/www.wsinteractive.com\/wp-content\/uploads\/2022\/11\/offres.png 569w, https:\/\/www.wsinteractive.com\/wp-content\/uploads\/2022\/11\/offres-300x166.png 300w\" sizes=\"(max-width: 569px) 100vw, 569px\" \/><\/figure>\n<\/div>\n\n\n\n<div class=\"wp-block-column is-layout-flow wp-block-column-is-layout-flow\" style=\"flex-basis:66.66%\">\n<p>Le succ\u00e8s de votre SEO d\u00e9pend ainsi de son \u00e9valuation permanente.<\/p>\n<p>C\u2019est pourquoi WS Interactive, une agence web \u00e0 Toulouse, vous propose diff\u00e9rents rapports mensuels. Ces rapports associ\u00e9s aux analyses d\u00e9taill\u00e9es sont l\u00e0 pour r\u00e9pondre \u00e0 votre besoin et \u00e0 l\u2019actualit\u00e9 de votre positionnement. Nous vous accompagnons dans le choix des termes \u00e0 employer, le suivi et la lecture des \u00e9volutions du site sur les moteurs.<\/p>\n<p>Nos rapports mensuels incluent :<\/p>\n<ul>\n<li>L\u2019\u00e9tude de votre trafic<\/li>\n<li>L\u2019\u00e9tude de votre positionnement<\/li>\n<li>L\u2019\u00e9tude des contenus du site<\/li>\n<\/ul>\n<\/div>\n<\/div>\n","protected":false},"excerpt":{"rendered":"<p>NOTRE OFFRE SEO chez l\u2019agence web Le r\u00e9f\u00e9rencement naturel ou l\u2019optimisation de vos contenus pour les moteurs de recherche (SEO) [&hellip;]<\/p>\n","protected":false},"author":1,"featured_media":0,"parent":0,"menu_order":0,"comment_status":"closed","ping_status":"closed","template":"","meta":{"footnotes":""},"class_list":["post-1376","page","type-page","status-publish","hentry"],"yoast_head":"<!-- This site is optimized with the Yoast SEO plugin v27.3 - https:\/\/yoast.com\/product\/yoast-seo-wordpress\/ -->\n<title>SEO chez l&#039;agence web WS Interactive<\/title>\n<meta name=\"description\" content=\"Le r\u00e9f\u00e9rencement naturel, ou SEO pour les moteurs de recherche, est une approche strat\u00e9gique int\u00e9gr\u00e9e \u00e0 notre offre de cr\u00e9ation de sites internet\" \/>\n<meta name=\"robots\" content=\"index, follow, max-snippet:-1, max-image-preview:large, max-video-preview:-1\" \/>\n<link rel=\"canonical\" href=\"https:\/\/www.wsinteractive.com\/fr\/seo-et-digital-marketing\/\" \/>\n<meta property=\"og:locale\" content=\"fr_FR\" \/>\n<meta property=\"og:type\" content=\"article\" \/>\n<meta property=\"og:title\" content=\"SEO chez l&#039;agence web WS Interactive\" \/>\n<meta property=\"og:description\" content=\"Le r\u00e9f\u00e9rencement naturel, ou SEO pour les moteurs de recherche, est une approche strat\u00e9gique int\u00e9gr\u00e9e \u00e0 notre offre de cr\u00e9ation de sites internet\" \/>\n<meta property=\"og:url\" content=\"https:\/\/www.wsinteractive.com\/fr\/seo-et-digital-marketing\/\" \/>\n<meta property=\"og:site_name\" content=\"WS Interactive\" \/>\n<meta property=\"article:publisher\" content=\"https:\/\/www.facebook.com\/wsinteractive\" \/>\n<meta property=\"article:modified_time\" content=\"2023-11-28T13:22:19+00:00\" \/>\n<meta property=\"og:image\" content=\"https:\/\/www.wsinteractive.com\/wp-content\/uploads\/2022\/08\/AdobeStock_467687816.png\" \/>\n\t<meta property=\"og:image:width\" content=\"707\" \/>\n\t<meta property=\"og:image:height\" content=\"643\" \/>\n\t<meta property=\"og:image:type\" content=\"image\/png\" \/>\n<meta name=\"twitter:card\" content=\"summary_large_image\" \/>\n<meta name=\"twitter:image\" content=\"https:\/\/www.wsinteractive.com\/wp-content\/uploads\/2022\/08\/AdobeStock_467687816.png\" \/>\n<meta name=\"twitter:site\" content=\"@ws_interactive\" \/>\n<meta name=\"twitter:label1\" content=\"Dur\u00e9e de lecture estim\u00e9e\" \/>\n\t<meta name=\"twitter:data1\" content=\"4 minutes\" \/>\n<script type=\"application\/ld+json\" class=\"yoast-schema-graph\">{\"@context\":\"https:\\\/\\\/schema.org\",\"@graph\":[{\"@type\":\"WebPage\",\"@id\":\"https:\\\/\\\/www.wsinteractive.com\\\/fr\\\/seo-et-digital-marketing\\\/\",\"url\":\"https:\\\/\\\/www.wsinteractive.com\\\/fr\\\/seo-et-digital-marketing\\\/\",\"name\":\"SEO chez l'agence web WS Interactive\",\"isPartOf\":{\"@id\":\"https:\\\/\\\/www.wsinteractive.com\\\/fr\\\/#website\"},\"primaryImageOfPage\":{\"@id\":\"https:\\\/\\\/www.wsinteractive.com\\\/fr\\\/seo-et-digital-marketing\\\/#primaryimage\"},\"image\":{\"@id\":\"https:\\\/\\\/www.wsinteractive.com\\\/fr\\\/seo-et-digital-marketing\\\/#primaryimage\"},\"thumbnailUrl\":\"https:\\\/\\\/www.wsinteractive.com\\\/wp-content\\\/uploads\\\/2022\\\/08\\\/Group-510.png\",\"datePublished\":\"2022-08-25T01:57:11+00:00\",\"dateModified\":\"2023-11-28T13:22:19+00:00\",\"description\":\"Le r\u00e9f\u00e9rencement naturel, ou SEO pour les moteurs de recherche, est une approche strat\u00e9gique int\u00e9gr\u00e9e \u00e0 notre offre de cr\u00e9ation de sites internet\",\"breadcrumb\":{\"@id\":\"https:\\\/\\\/www.wsinteractive.com\\\/fr\\\/seo-et-digital-marketing\\\/#breadcrumb\"},\"inLanguage\":\"fr-FR\",\"potentialAction\":[{\"@type\":\"ReadAction\",\"target\":[\"https:\\\/\\\/www.wsinteractive.com\\\/fr\\\/seo-et-digital-marketing\\\/\"]}]},{\"@type\":\"ImageObject\",\"inLanguage\":\"fr-FR\",\"@id\":\"https:\\\/\\\/www.wsinteractive.com\\\/fr\\\/seo-et-digital-marketing\\\/#primaryimage\",\"url\":\"https:\\\/\\\/www.wsinteractive.com\\\/wp-content\\\/uploads\\\/2022\\\/08\\\/Group-510.png\",\"contentUrl\":\"https:\\\/\\\/www.wsinteractive.com\\\/wp-content\\\/uploads\\\/2022\\\/08\\\/Group-510.png\"},{\"@type\":\"BreadcrumbList\",\"@id\":\"https:\\\/\\\/www.wsinteractive.com\\\/fr\\\/seo-et-digital-marketing\\\/#breadcrumb\",\"itemListElement\":[{\"@type\":\"ListItem\",\"position\":1,\"name\":\"Home\",\"item\":\"https:\\\/\\\/www.wsinteractive.com\\\/fr\\\/\"},{\"@type\":\"ListItem\",\"position\":2,\"name\":\"SEO et Digital marketing\"}]},{\"@type\":\"WebSite\",\"@id\":\"https:\\\/\\\/www.wsinteractive.com\\\/fr\\\/#website\",\"url\":\"https:\\\/\\\/www.wsinteractive.com\\\/fr\\\/\",\"name\":\"WS Interactive\",\"description\":\"WS\",\"publisher\":{\"@id\":\"https:\\\/\\\/www.wsinteractive.com\\\/fr\\\/#organization\"},\"potentialAction\":[{\"@type\":\"SearchAction\",\"target\":{\"@type\":\"EntryPoint\",\"urlTemplate\":\"https:\\\/\\\/www.wsinteractive.com\\\/fr\\\/?s={search_term_string}\"},\"query-input\":{\"@type\":\"PropertyValueSpecification\",\"valueRequired\":true,\"valueName\":\"search_term_string\"}}],\"inLanguage\":\"fr-FR\"},{\"@type\":\"Organization\",\"@id\":\"https:\\\/\\\/www.wsinteractive.com\\\/fr\\\/#organization\",\"name\":\"WS Interactive\",\"url\":\"https:\\\/\\\/www.wsinteractive.com\\\/fr\\\/\",\"logo\":{\"@type\":\"ImageObject\",\"inLanguage\":\"fr-FR\",\"@id\":\"https:\\\/\\\/www.wsinteractive.com\\\/fr\\\/#\\\/schema\\\/logo\\\/image\\\/\",\"url\":\"https:\\\/\\\/www.wsinteractive.com\\\/wp-content\\\/uploads\\\/2024\\\/02\\\/cropped-WSI_logo.svg\",\"contentUrl\":\"https:\\\/\\\/www.wsinteractive.com\\\/wp-content\\\/uploads\\\/2024\\\/02\\\/cropped-WSI_logo.svg\",\"caption\":\"WS Interactive\"},\"image\":{\"@id\":\"https:\\\/\\\/www.wsinteractive.com\\\/fr\\\/#\\\/schema\\\/logo\\\/image\\\/\"},\"sameAs\":[\"https:\\\/\\\/www.facebook.com\\\/wsinteractive\",\"https:\\\/\\\/x.com\\\/ws_interactive\",\"https:\\\/\\\/fr.linkedin.com\\\/company\\\/ws-interactive\",\"https:\\\/\\\/www.instagram.com\\\/ws_interactive\\\/\"]}]}<\/script>\n<!-- \/ Yoast SEO plugin. -->","yoast_head_json":{"title":"SEO chez l'agence web WS Interactive","description":"Le r\u00e9f\u00e9rencement naturel, ou SEO pour les moteurs de recherche, est une approche strat\u00e9gique int\u00e9gr\u00e9e \u00e0 notre offre de cr\u00e9ation de sites internet","robots":{"index":"index","follow":"follow","max-snippet":"max-snippet:-1","max-image-preview":"max-image-preview:large","max-video-preview":"max-video-preview:-1"},"canonical":"https:\/\/www.wsinteractive.com\/fr\/seo-et-digital-marketing\/","og_locale":"fr_FR","og_type":"article","og_title":"SEO chez l'agence web WS Interactive","og_description":"Le r\u00e9f\u00e9rencement naturel, ou SEO pour les moteurs de recherche, est une approche strat\u00e9gique int\u00e9gr\u00e9e \u00e0 notre offre de cr\u00e9ation de sites internet","og_url":"https:\/\/www.wsinteractive.com\/fr\/seo-et-digital-marketing\/","og_site_name":"WS Interactive","article_publisher":"https:\/\/www.facebook.com\/wsinteractive","article_modified_time":"2023-11-28T13:22:19+00:00","og_image":[{"width":707,"height":643,"url":"https:\/\/www.wsinteractive.com\/wp-content\/uploads\/2022\/08\/AdobeStock_467687816.png","type":"image\/png"}],"twitter_card":"summary_large_image","twitter_image":"https:\/\/www.wsinteractive.com\/wp-content\/uploads\/2022\/08\/AdobeStock_467687816.png","twitter_site":"@ws_interactive","twitter_misc":{"Dur\u00e9e de lecture estim\u00e9e":"4 minutes"},"schema":{"@context":"https:\/\/schema.org","@graph":[{"@type":"WebPage","@id":"https:\/\/www.wsinteractive.com\/fr\/seo-et-digital-marketing\/","url":"https:\/\/www.wsinteractive.com\/fr\/seo-et-digital-marketing\/","name":"SEO chez l'agence web WS Interactive","isPartOf":{"@id":"https:\/\/www.wsinteractive.com\/fr\/#website"},"primaryImageOfPage":{"@id":"https:\/\/www.wsinteractive.com\/fr\/seo-et-digital-marketing\/#primaryimage"},"image":{"@id":"https:\/\/www.wsinteractive.com\/fr\/seo-et-digital-marketing\/#primaryimage"},"thumbnailUrl":"https:\/\/www.wsinteractive.com\/wp-content\/uploads\/2022\/08\/Group-510.png","datePublished":"2022-08-25T01:57:11+00:00","dateModified":"2023-11-28T13:22:19+00:00","description":"Le r\u00e9f\u00e9rencement naturel, ou SEO pour les moteurs de recherche, est une approche strat\u00e9gique int\u00e9gr\u00e9e \u00e0 notre offre de cr\u00e9ation de sites internet","breadcrumb":{"@id":"https:\/\/www.wsinteractive.com\/fr\/seo-et-digital-marketing\/#breadcrumb"},"inLanguage":"fr-FR","potentialAction":[{"@type":"ReadAction","target":["https:\/\/www.wsinteractive.com\/fr\/seo-et-digital-marketing\/"]}]},{"@type":"ImageObject","inLanguage":"fr-FR","@id":"https:\/\/www.wsinteractive.com\/fr\/seo-et-digital-marketing\/#primaryimage","url":"https:\/\/www.wsinteractive.com\/wp-content\/uploads\/2022\/08\/Group-510.png","contentUrl":"https:\/\/www.wsinteractive.com\/wp-content\/uploads\/2022\/08\/Group-510.png"},{"@type":"BreadcrumbList","@id":"https:\/\/www.wsinteractive.com\/fr\/seo-et-digital-marketing\/#breadcrumb","itemListElement":[{"@type":"ListItem","position":1,"name":"Home","item":"https:\/\/www.wsinteractive.com\/fr\/"},{"@type":"ListItem","position":2,"name":"SEO et Digital marketing"}]},{"@type":"WebSite","@id":"https:\/\/www.wsinteractive.com\/fr\/#website","url":"https:\/\/www.wsinteractive.com\/fr\/","name":"WS Interactive","description":"WS","publisher":{"@id":"https:\/\/www.wsinteractive.com\/fr\/#organization"},"potentialAction":[{"@type":"SearchAction","target":{"@type":"EntryPoint","urlTemplate":"https:\/\/www.wsinteractive.com\/fr\/?s={search_term_string}"},"query-input":{"@type":"PropertyValueSpecification","valueRequired":true,"valueName":"search_term_string"}}],"inLanguage":"fr-FR"},{"@type":"Organization","@id":"https:\/\/www.wsinteractive.com\/fr\/#organization","name":"WS Interactive","url":"https:\/\/www.wsinteractive.com\/fr\/","logo":{"@type":"ImageObject","inLanguage":"fr-FR","@id":"https:\/\/www.wsinteractive.com\/fr\/#\/schema\/logo\/image\/","url":"https:\/\/www.wsinteractive.com\/wp-content\/uploads\/2024\/02\/cropped-WSI_logo.svg","contentUrl":"https:\/\/www.wsinteractive.com\/wp-content\/uploads\/2024\/02\/cropped-WSI_logo.svg","caption":"WS Interactive"},"image":{"@id":"https:\/\/www.wsinteractive.com\/fr\/#\/schema\/logo\/image\/"},"sameAs":["https:\/\/www.facebook.com\/wsinteractive","https:\/\/x.com\/ws_interactive","https:\/\/fr.linkedin.com\/company\/ws-interactive","https:\/\/www.instagram.com\/ws_interactive\/"]}]}},"_links":{"self":[{"href":"https:\/\/www.wsinteractive.com\/fr\/wp-json\/wp\/v2\/pages\/1376","targetHints":{"allow":["GET"]}}],"collection":[{"href":"https:\/\/www.wsinteractive.com\/fr\/wp-json\/wp\/v2\/pages"}],"about":[{"href":"https:\/\/www.wsinteractive.com\/fr\/wp-json\/wp\/v2\/types\/page"}],"author":[{"embeddable":true,"href":"https:\/\/www.wsinteractive.com\/fr\/wp-json\/wp\/v2\/users\/1"}],"replies":[{"embeddable":true,"href":"https:\/\/www.wsinteractive.com\/fr\/wp-json\/wp\/v2\/comments?post=1376"}],"version-history":[{"count":44,"href":"https:\/\/www.wsinteractive.com\/fr\/wp-json\/wp\/v2\/pages\/1376\/revisions"}],"predecessor-version":[{"id":14381,"href":"https:\/\/www.wsinteractive.com\/fr\/wp-json\/wp\/v2\/pages\/1376\/revisions\/14381"}],"wp:attachment":[{"href":"https:\/\/www.wsinteractive.com\/fr\/wp-json\/wp\/v2\/media?parent=1376"}],"curies":[{"name":"wp","href":"https:\/\/api.w.org\/{rel}","templated":true}]}}