{"id":3,"date":"2022-06-13T15:47:24","date_gmt":"2022-06-13T13:47:24","guid":{"rendered":"https:\/\/www.wsinteractive.com\/?page_id=3"},"modified":"2024-10-07T09:53:48","modified_gmt":"2024-10-07T07:53:48","slug":"politique-de-confidentialite","status":"publish","type":"page","link":"https:\/\/www.wsinteractive.com\/fr\/politique-de-confidentialite\/","title":{"rendered":"Politique de confidentialit\u00e9"},"content":{"rendered":"\n<h1 class=\"wp-block-heading\" id=\"h-politique-de-confidentialite\"><strong>Politique de confidentialit\u00e9<\/strong><\/h1>\n\n\n\n<p>WS Interactive<br>15, quai Lucien Lombard 31000 Toulouse<br>T\u00e9l :&nbsp;<a href=\"tel:+33 (0)5 62 30 80 70\">+33 (0)5 62 30 80 70<\/a><br>Email :&nbsp;<a href=\"mailto:contact@wsinteractive.com\">contact@wsinteractive.com<\/a><\/p>\n\n\n\n<p>RCS de Toulouse 413 983 420<\/p>\n\n\n\n<p>n\u00b0 de SIRET : 413 983 420 00022<\/p>\n\n\n\n<p>Responsable de publication : Alex McCardell<\/p>\n\n\n\n<h2 class=\"wp-block-heading\" id=\"h-1-donnees-personnelles\">1. Donn\u00e9es personnelles<\/h2>\n\n\n\n<p>Le Client est inform\u00e9 des r\u00e9glementations concernant la communication marketing, la loi du 21 Juin 2014 pour la confiance dans l&rsquo;\u00c9conomie Num\u00e9rique, la Loi Informatique et Libert\u00e9 du 06 Ao\u00fbt 2004 ainsi que du R\u00e8glement G\u00e9n\u00e9ral sur la Protection des Donn\u00e9es (RGPD : n\u00b0 2016-679).<\/p>\n\n\n\n<h3 class=\"wp-block-heading\" id=\"h-1-1-responsabilite-sur-la-collecte-des-donnees-personnelles\">1.1 Responsabilit\u00e9 sur la collecte des donn\u00e9es personnelles<\/h3>\n\n\n\n<p>En tant que responsable du traitement des donn\u00e9es qu\u2019il collecte, WS Interactive s\u2019engage \u00e0 respecter le cadre des dispositions l\u00e9gales en vigueur. Il lui appartient notamment au Client d\u2019\u00e9tablir les finalit\u00e9s de ses traitements de donn\u00e9es, de fournir \u00e0 ses prospects et clients, \u00e0 partir de la collecte de leurs consentements, une information compl\u00e8te sur le traitement de leurs donn\u00e9es personnelles et de maintenir un registre des traitements conforme \u00e0 la r\u00e9alit\u00e9. Chaque fois que WS Interactive traite des Donn\u00e9es Personnelles, nous prendrons toutes les mesures raisonnables pour s\u2019assurer de l\u2019exactitude et de la pertinence des Donn\u00e9es Personnelles au regard des finalit\u00e9s pour lesquelles WS Interactive les traite.<\/p>\n\n\n\n<h3 class=\"wp-block-heading\" id=\"h-1-2-finalite-des-donnees-collectees\">1.2 Finalit\u00e9 des donn\u00e9es collect\u00e9es<\/h3>\n\n\n\n<p>WS Interactive est susceptible de traiter tout ou partie des donn\u00e9es :<\/p>\n\n\n\n<ul class=\"wp-block-list\">\n<li>pour permettre la navigation sur le Site et la gestion et la tra\u00e7abilit\u00e9 des prestations et services command\u00e9s par l\u2019utilisateur : donn\u00e9es de connexion et d\u2019utilisation du Site<\/li>\n\n\n\n<li>pour pr\u00e9venir et lutter contre la fraude informatique (spamming, hacking\u2026) : mat\u00e9riel informatique utilis\u00e9 pour la navigation, l\u2019adresse IP<\/li>\n\n\n\n<li>pour am\u00e9liorer la navigation sur le Site : donn\u00e9es de connexion et d\u2019utilisation<\/li>\n\n\n\n<li>pour mener des enqu\u00eates de satisfaction facultatives sur www.wsinteractive.com<\/li>\n\n\n\n<li>WS Interactive ne commercialise pas vos donn\u00e9es personnelles qui sont donc uniquement utilis\u00e9es par n\u00e9cessit\u00e9 commerciale ou \u00e0 des fins statistiques et d\u2019analyses.<\/li>\n<\/ul>\n\n\n\n<h3 class=\"wp-block-heading\" id=\"h-1-3-droit-d-acces-de-rectification-et-d-opposition\">1.3 Droit d&rsquo;acc\u00e8s, de rectification et d&rsquo;opposition<\/h3>\n\n\n\n<p>Conform\u00e9ment \u00e0 la r\u00e9glementation europ\u00e9enne en vigueur, les Utilisateurs du site www.wsinteractive.com disposent des droits suivants :<\/p>\n\n\n\n<ul class=\"wp-block-list\">\n<li>droit d\u2019acc\u00e8s (article 15 RGPD) et de rectification (article 16 RGPD), de mise \u00e0 jour, de compl\u00e9tude des donn\u00e9es des Utilisateurs droit de verrouillage ou d\u2019effacement des donn\u00e9es des Utilisateurs \u00e0 caract\u00e8re personnel (article 17 du RGPD), lorsqu\u2019elles sont inexactes, incompl\u00e8tes, \u00e9quivoques, p\u00e9rim\u00e9es, ou dont la collecte, l\u2019utilisation, la communication ou la conservation est interdite<\/li>\n\n\n\n<li>droit de retirer \u00e0 tout moment un consentement (article 13-2c RGPD)<\/li>\n\n\n\n<li>droit \u00e0 la limitation du traitement des donn\u00e9es des Utilisateurs (article 18 RGPD)<\/li>\n\n\n\n<li>droit d\u2019opposition au traitement des donn\u00e9es des Utilisateurs (article 21 RGPD)<\/li>\n\n\n\n<li>droit \u00e0 la portabilit\u00e9 des donn\u00e9es que les Utilisateurs auront fournies, lorsque ces donn\u00e9es font l\u2019objet de traitements automatis\u00e9s fond\u00e9s sur leur consentement ou sur un contrat (article 20 RGPD)<\/li>\n\n\n\n<li>droit de d\u00e9finir le sort des donn\u00e9es des Utilisateurs apr\u00e8s leur mort et de choisir \u00e0 qui WS Interactive devra communiquer (ou non) ses donn\u00e9es \u00e0 un tiers qu\u2019il aura pr\u00e9alablement d\u00e9sign\u00e9<\/li>\n<\/ul>\n\n\n\n<p>Si l\u2019Utilisateur souhaite savoir comment WS Interactive utilise ses Donn\u00e9es Personnelles, demande \u00e0 les rectifier ou s\u2019oppose \u00e0 leur traitement, l\u2019Utilisateur peut nous contacter par \u00e9crit \u00e0 l\u2019adresse suivante :<\/p>\n\n\n\n<p>WS Interactive<br>15 quai Lucien Lombard 31000 Toulouse.<br>email :&nbsp;rgpd@wsinteractive.com<br>&nbsp;<br>Dans ce cas, l\u2019utilisateur doit indiquer les Donn\u00e9es Personnelles qu\u2019il souhaiterait que WS Interactive corrige, mette \u00e0 jour ou supprime. WS Interactive s\u2019autorise \u00e0 demander toutes les pr\u00e9cisions n\u00e9cessaires afin de pouvoir identifier l\u2019auteur de la demande dans ses bases de donn\u00e9es.<br><br>Les demandes de suppression de Donn\u00e9es Personnelles seront soumises aux obligations qui sont impos\u00e9es \u00e0 WS Interactive par la loi, notamment en mati\u00e8re de conservation ou d\u2019archivage des documents. Enfin, les utilisateurs de&nbsp;<a href=\"https:\/\/www.wsinteractive.com\/\">www.wsinteractive.com<\/a>&nbsp;peuvent d\u00e9poser une r\u00e9clamation aupr\u00e8s des autorit\u00e9s de contr\u00f4le, et notamment de la CNIL (<a href=\"https:\/\/www.cnil.fr\/fr\/plaintes\">https:\/\/www.cnil.fr\/fr\/plaintes<\/a>).<\/p>\n\n\n\n<h3 class=\"wp-block-heading\" id=\"h-1-4-non-communication-des-donnees-personnelles\">1.4 Non-communication des donn\u00e9es personnelles<\/h3>\n\n\n\n<p>WS Interactive s\u2019interdit de traiter, h\u00e9berger ou transf\u00e9rer les Informations collect\u00e9es sur ses Clients vers un pays situ\u00e9 en dehors de l\u2019Union europ\u00e9enne ou reconnu comme \u00ab non ad\u00e9quat \u00bb par la Commission europ\u00e9enne sans en informer pr\u00e9alablement le client. Pour autant, nous restons libre du choix de ses sous-traitants techniques et commerciaux \u00e0 la condition qu\u2019ils pr\u00e9sentent les garanties suffisantes au regard des exigences du R\u00e8glement G\u00e9n\u00e9ral sur la Protection des Donn\u00e9es (RGPD : n\u00b0 2016-679).<\/p>\n\n\n\n<p>WS Interactive s\u2019engage \u00e0 prendre toutes les pr\u00e9cautions n\u00e9cessaires afin de pr\u00e9server la s\u00e9curit\u00e9 des Informations et notamment qu\u2019elles ne soient pas communiqu\u00e9es \u00e0 des personnes non autoris\u00e9es. Cependant, si un incident impactant l\u2019int\u00e9grit\u00e9 ou la confidentialit\u00e9 des Informations des utilisateurs est port\u00e9e \u00e0 notre connaissance, nous devrons dans les meilleurs d\u00e9lais informer la CNIL. Par ailleurs WS Interactive ne collecte aucune \u00ab donn\u00e9es sensibles \u00bb.<\/p>\n\n\n\n<h3 class=\"wp-block-heading\" id=\"h-1-5-types-de-donnees-collectees\">1.5 Types de donn\u00e9es collect\u00e9es<\/h3>\n\n\n\n<p>Le site WS Interactive, stocke et r\u00e9cup\u00e8re des informations sur votre navigateur en utilisant des cookies. Ces informations permettent d\u2019\u00e9tablir des statistiques et volume de fr\u00e9quentation et d\u2019utilisation des divers \u00e9l\u00e9ments composant les sites (rubriques et contenus visit\u00e9s, parcours) afin d\u2019am\u00e9liorer l\u2019int\u00e9r\u00eat et l\u2019ergonomie du site. Les cookies nous permettent aussi de vous offrir des fonctionnalit\u00e9s relatives aux m\u00e9dias sociaux.<br>&nbsp;<\/p>\n\n\n\n<h2 class=\"wp-block-heading\" id=\"h-2-utilisations-de-cookies\">2. Utilisations de cookies<\/h2>\n\n\n\n<p>Dans l\u2019objectif notamment de rendre les services du site plus performants, vous \u00eates inform\u00e9 que le site utilise des cookies ou autres traceurs. Lors de vos visites sur le site WS Interactive, ces derniers sont susceptibles d\u2019\u00eatre install\u00e9s dans votre terminal sous r\u00e9serve des choix et options que vous avez exprim\u00e9 ou pouvez exprimer \u00e0 tout moment conform\u00e9ment \u00e0 la pr\u00e9sente politique.<br>&nbsp;<\/p>\n\n\n\n<h2 class=\"wp-block-heading\" id=\"h-3-qu-est-ce-qu-un-cookie\">3. Qu&rsquo;est-ce qu&rsquo;un cookie ?<\/h2>\n\n\n\n<p>Les cookies, ou autres traceurs similaires, sont des donn\u00e9es utilis\u00e9es par un serveur pour envoyer des informations d\u2019\u00e9tat au navigateur d\u2019un utilisateur, et par ce navigateur pour renvoyer des informations d\u2019\u00e9tat au serveur d\u2019origine. Les informations d\u2019\u00e9tat peuvent \u00eatre par exemple un identifiant de session, une langue, une date d\u2019expiration, un domaine de r\u00e9ponse, etc. Les cookies permettent de conserver, pendant leur dur\u00e9e de validit\u00e9, des informations d\u2019\u00e9tat lorsqu\u2019un navigateur acc\u00e8de aux diff\u00e9rentes pages d\u2019un site Web ou lorsque ce navigateur retourne ult\u00e9rieurement sur ce site Web. Seul l\u2019\u00e9metteur d\u2019un cookie peut lire ou modifier les informations qui y sont contenues.<br>&nbsp;<\/p>\n\n\n\n<h2 class=\"wp-block-heading\" id=\"h-4-pourquoi-utiliser-des-cookies\">4. Pourquoi utiliser des cookies ?<\/h2>\n\n\n\n<p>Nous utilisons des cookies et autres traceurs pour les principales finalit\u00e9s suivantes :<\/p>\n\n\n\n<ul class=\"wp-block-list\">\n<li>effectuer des mesures et des analyses d\u2019audience et de fr\u00e9quentation et de votre navigation sur notre site \u00e0 des fins notamment d\u2019am\u00e9lioration de nos services<\/li>\n\n\n\n<li>comptabiliser les visiteurs et identifier la mani\u00e8re dont ils utilisent le site<\/li>\n\n\n\n<li>comptabiliser et diff\u00e9rencier les visites<\/li>\n\n\n\n<li>identifier par quel site ou moteur de recherche vous \u00eates arriv\u00e9 sur notre site<\/li>\n\n\n\n<li>g\u00e9rer votre session utilisateur<\/li>\n\n\n\n<li>sauvegarder vos choix en mati\u00e8re de cookies<\/li>\n\n\n\n<li>mettre en \u0153uvre des mesures de s\u00e9curit\u00e9<\/li>\n<\/ul>\n\n\n\n<h2 class=\"wp-block-heading\" id=\"h-5-google-analytics\"><br>5 Google Analytics<\/h2>\n\n\n\n<p>L\u2019utilisateur est inform\u00e9 que le site www.wsinteractive.com utilise le service Google Analytics de la soci\u00e9t\u00e9 Google Inc (\u00ab Google \u00bb) afin d\u2019analyser la navigation et r\u00e9aliser des statistiques et mesures d\u2019audience sur le site. Nous utilisons ces donn\u00e9es de mani\u00e8re anonyme (anonymisation des adresses IP). C\u2019est la raison pour laquelle des cookies google analytics s\u2019installent. Dans ce cadre, les donn\u00e9es qu\u2019ils collectent sont transmises et stock\u00e9es par Google sur des serveurs situ\u00e9s aux Etats-Unis. Les entit\u00e9s de Google sont adh\u00e9rentes au Safe Harbor et assurent un niveau de protection ad\u00e9quat des donn\u00e9es (D\u00e9cision 2000\/520\/CE du 26-7-2000). Pour plus d\u2019informations, vous pouvez vous rendre \u00e0 la page suivante :&nbsp;<a href=\"https:\/\/marketingplatform.google.com\/about\/\">https:\/\/marketingplatform.google.com\/about<\/a>.<br>&nbsp;<\/p>\n\n\n\n<h2 class=\"wp-block-heading\" id=\"h-6-consentement\">6. Consentement<\/h2>\n\n\n\n<p>L\u2019installation de certains cookies lorsqu\u2019ils n\u2019ont pas pour finalit\u00e9 exclusive de permettre ou faciliter la communication par voie \u00e9lectronique ou lorsqu\u2019ils ne sont pas strictement n\u00e9cessaires \u00e0 la fourniture d\u2019un service de communication en ligne \u00e0 votre demande, sont soumis \u00e0 votre consentement. Aussi, lors de votre premi\u00e8re visite sur le site, vous \u00eates inform\u00e9 par un bandeau que le site utilise les cookies pour une exp\u00e9rience enrichie. Vous pouvez accepter ou personnaliser le choix des cookies.<\/p>\n\n\n\n<p>Aucun cookie qui collecterait des donn\u00e9es personnelles n\u2019est stock\u00e9 sans votre consentement pr\u00e9alable.<\/p>\n\n\n\n<p>Vous pourrez \u00e0 tout moment revenir sur votre choix en modifiant vos choix sur l\u2019outil de gestion des cookies.<br>&nbsp;<\/p>\n\n\n\n<h2 class=\"wp-block-heading\" id=\"h-7-comment-gerer-les-cookies\">7. Comment g\u00e9rer les cookies ?<\/h2>\n\n\n\n<p>Vous pouvez g\u00e9rer les cookies en modifiant tous vos choix.<\/p>\n\n\n\t\t<div id=\"matomo-untrack\">\r\n\t\t\t<label>\r\n\t\t\t\t<input type=\"checkbox\" name=\"matomo_disable\" id=\"matomo_disable\" value=\"1\"\r\n\t\t\t\t \/>\r\n\t\t\t\tJe refuse d'\u00eatre suivi par ce site pour l'analyse de mes visites avec l'outil Matomo\t\t\t<\/label>\r\n\t\t<\/div>\r\n\t\t<script>\r\n\t\t\tjQuery(document).ready(function(){\r\n\t\t\t\tconst checkbox = document.getElementById('matomo_disable')\r\n\t\t\t\tcheckbox.addEventListener('change', (event) => {\r\n\t\t\t\t\tif (event.currentTarget.checked) {\r\n\t\t\t\t\t\tvar date = new Date();\r\n\t\t\t\t\t\tdate.setTime(date.getTime() + (30 * 24 * 60 * 60 * 1000));\r\n\t\t\t\t\t\tvar expires = date.toUTCString();\r\n\t\t\t\t\t\tdocument.cookie = 'matomo_disable_tracking=1; expires=' + expires + '; path=\/';\r\n\t\t\t\t\t} else {\r\n\t\t\t\t\t\tdocument.cookie = 'matomo_disable_tracking=; expires=Thu, 01 Jan 1970 00:00:00 UTC; path=\/'\r\n\t\t\t\t\t}\r\n\t\t\t\t\tjQuery(\"#matomo-message\").remove();\r\n\t\t\t\t\tjQuery(\"body\").append('<div id=\"matomo-message\">Votre demande a bien \u00e9t\u00e9 enregistr\u00e9e<\/div>');\r\n\t\t\t\t\tjQuery(\"#matomo-message\").fadeIn('fast');\r\n\t\t\t\t\tsetTimeout(() => {\r\n\t\t\t\t\t\tjQuery(\"#matomo-message\").fadeOut('fast');\r\n\t\t\t\t\t}, 3000);\r\n\t\t\t\t});\r\n\t\t\t})\r\n\t\t<\/script>\r\n\t\t<style>\r\n\t\t\tdiv#matomo-message{\r\n\t\t\t\tposition: fixed;\r\n\t\t\t\twidth:100%;\r\n\t\t\t\tbottom:0;\r\n\t\t\t\tleft:0;\r\n\t\t\t\tbackground-color:#49c436;\r\n\t\t\t\tcolor:#fff;\r\n\t\t\t\tpadding:15px 0;\r\n\t\t\t\tfont-size:22px;\r\n\t\t\t\ttext-align:center;\r\n\t\t\t\tdisplay:none;\r\n\t\t\t}\r\n\t\t\tdiv#matomo-untrack label{\r\n\t\t\t\tfont-size:18px;\r\n\t\t\t\ttext-align:center;\r\n\t\t\t\tpadding:12px 15px;\r\n\t\t\t\tbackground-color:#fff;\r\n\t\t\t\tbox-shadow:0 0 10px 3px rgba(0,0,0,.1);\r\n\t\t\t\tmax-width:600px;\r\n\t\t\t\tmargin:15px auto;\r\n\t\t\t\tdisplay:block;\r\n\t\t\t\t-webkit-transition: all 300ms linear;\r\n\t\t\t\t-ms-transition: all 300ms linear;\r\n\t\t\t\ttransition: all 300ms linear;\r\n\t\t\t}\r\n\t\t\tdiv#matomo-untrack label:hover{\r\n\t\t\t\tbox-shadow:0 0 10px 3px rgba(0,0,0,.15);\r\n\t\t\t}\r\n\t\t\tdiv#matomo-untrack label:active{\r\n\t\t\t\tbox-shadow:0 0 10px 10px rgba(0,0,0,.3);\r\n\t\t\t}\r\n\t\t<\/style>\r\n\t\t\n","protected":false},"excerpt":{"rendered":"<p>Politique de confidentialit\u00e9 WS Interactive15, quai Lucien Lombard 31000 ToulouseT\u00e9l :&nbsp;+33 (0)5 62 30 80 70Email :&nbsp;contact@wsinteractive.com RCS de Toulouse [&hellip;]<\/p>\n","protected":false},"author":1,"featured_media":0,"parent":0,"menu_order":0,"comment_status":"closed","ping_status":"open","template":"","meta":{"footnotes":""},"class_list":["post-3","page","type-page","status-publish","hentry"],"yoast_head":"<!-- This site is optimized with the Yoast SEO plugin v27.3 - https:\/\/yoast.com\/product\/yoast-seo-wordpress\/ -->\n<title>Politique de confidentialit\u00e9 - WS Interactive<\/title>\n<meta name=\"description\" content=\"Politique de confidentialit\u00e9 WS Interactive15, quai Lucien Lombard 31000 ToulouseT\u00e9l :&nbsp;+33 (0)5 62 30 80 70Email :&nbsp;contact@wsinteractive.com RCS\" \/>\n<meta name=\"robots\" content=\"index, follow, max-snippet:-1, max-image-preview:large, max-video-preview:-1\" \/>\n<link rel=\"canonical\" href=\"https:\/\/www.wsinteractive.com\/fr\/politique-de-confidentialite\/\" \/>\n<meta property=\"og:locale\" content=\"fr_FR\" \/>\n<meta property=\"og:type\" content=\"article\" \/>\n<meta property=\"og:title\" content=\"Politique de confidentialit\u00e9 - WS Interactive\" \/>\n<meta property=\"og:description\" content=\"Politique de confidentialit\u00e9 WS Interactive15, quai Lucien Lombard 31000 ToulouseT\u00e9l :&nbsp;+33 (0)5 62 30 80 70Email :&nbsp;contact@wsinteractive.com RCS\" \/>\n<meta property=\"og:url\" content=\"https:\/\/www.wsinteractive.com\/fr\/politique-de-confidentialite\/\" \/>\n<meta property=\"og:site_name\" content=\"WS Interactive\" \/>\n<meta property=\"article:publisher\" content=\"https:\/\/www.facebook.com\/wsinteractive\" \/>\n<meta property=\"article:modified_time\" content=\"2024-10-07T07:53:48+00:00\" \/>\n<meta name=\"twitter:card\" content=\"summary_large_image\" \/>\n<meta name=\"twitter:site\" content=\"@ws_interactive\" \/>\n<meta name=\"twitter:label1\" content=\"Dur\u00e9e de lecture estim\u00e9e\" \/>\n\t<meta name=\"twitter:data1\" content=\"7 minutes\" \/>\n<script type=\"application\/ld+json\" class=\"yoast-schema-graph\">{\"@context\":\"https:\\\/\\\/schema.org\",\"@graph\":[{\"@type\":\"WebPage\",\"@id\":\"https:\\\/\\\/www.wsinteractive.com\\\/fr\\\/politique-de-confidentialite\\\/\",\"url\":\"https:\\\/\\\/www.wsinteractive.com\\\/fr\\\/politique-de-confidentialite\\\/\",\"name\":\"Politique de confidentialit\u00e9 - WS Interactive\",\"isPartOf\":{\"@id\":\"https:\\\/\\\/www.wsinteractive.com\\\/fr\\\/#website\"},\"datePublished\":\"2022-06-13T13:47:24+00:00\",\"dateModified\":\"2024-10-07T07:53:48+00:00\",\"description\":\"Politique de confidentialit\u00e9 WS Interactive15, quai Lucien Lombard 31000 ToulouseT\u00e9l :&nbsp;+33 (0)5 62 30 80 70Email :&nbsp;contact@wsinteractive.com RCS\",\"breadcrumb\":{\"@id\":\"https:\\\/\\\/www.wsinteractive.com\\\/fr\\\/politique-de-confidentialite\\\/#breadcrumb\"},\"inLanguage\":\"fr-FR\",\"potentialAction\":[{\"@type\":\"ReadAction\",\"target\":[\"https:\\\/\\\/www.wsinteractive.com\\\/fr\\\/politique-de-confidentialite\\\/\"]}]},{\"@type\":\"BreadcrumbList\",\"@id\":\"https:\\\/\\\/www.wsinteractive.com\\\/fr\\\/politique-de-confidentialite\\\/#breadcrumb\",\"itemListElement\":[{\"@type\":\"ListItem\",\"position\":1,\"name\":\"Home\",\"item\":\"https:\\\/\\\/www.wsinteractive.com\\\/fr\\\/\"},{\"@type\":\"ListItem\",\"position\":2,\"name\":\"Politique de confidentialit\u00e9\"}]},{\"@type\":\"WebSite\",\"@id\":\"https:\\\/\\\/www.wsinteractive.com\\\/fr\\\/#website\",\"url\":\"https:\\\/\\\/www.wsinteractive.com\\\/fr\\\/\",\"name\":\"WS Interactive\",\"description\":\"WS\",\"publisher\":{\"@id\":\"https:\\\/\\\/www.wsinteractive.com\\\/fr\\\/#organization\"},\"potentialAction\":[{\"@type\":\"SearchAction\",\"target\":{\"@type\":\"EntryPoint\",\"urlTemplate\":\"https:\\\/\\\/www.wsinteractive.com\\\/fr\\\/?s={search_term_string}\"},\"query-input\":{\"@type\":\"PropertyValueSpecification\",\"valueRequired\":true,\"valueName\":\"search_term_string\"}}],\"inLanguage\":\"fr-FR\"},{\"@type\":\"Organization\",\"@id\":\"https:\\\/\\\/www.wsinteractive.com\\\/fr\\\/#organization\",\"name\":\"WS Interactive\",\"url\":\"https:\\\/\\\/www.wsinteractive.com\\\/fr\\\/\",\"logo\":{\"@type\":\"ImageObject\",\"inLanguage\":\"fr-FR\",\"@id\":\"https:\\\/\\\/www.wsinteractive.com\\\/fr\\\/#\\\/schema\\\/logo\\\/image\\\/\",\"url\":\"https:\\\/\\\/www.wsinteractive.com\\\/wp-content\\\/uploads\\\/2024\\\/02\\\/cropped-WSI_logo.svg\",\"contentUrl\":\"https:\\\/\\\/www.wsinteractive.com\\\/wp-content\\\/uploads\\\/2024\\\/02\\\/cropped-WSI_logo.svg\",\"caption\":\"WS Interactive\"},\"image\":{\"@id\":\"https:\\\/\\\/www.wsinteractive.com\\\/fr\\\/#\\\/schema\\\/logo\\\/image\\\/\"},\"sameAs\":[\"https:\\\/\\\/www.facebook.com\\\/wsinteractive\",\"https:\\\/\\\/x.com\\\/ws_interactive\",\"https:\\\/\\\/fr.linkedin.com\\\/company\\\/ws-interactive\",\"https:\\\/\\\/www.instagram.com\\\/ws_interactive\\\/\"]}]}<\/script>\n<!-- \/ Yoast SEO plugin. -->","yoast_head_json":{"title":"Politique de confidentialit\u00e9 - WS Interactive","description":"Politique de confidentialit\u00e9 WS Interactive15, quai Lucien Lombard 31000 ToulouseT\u00e9l :&nbsp;+33 (0)5 62 30 80 70Email :&nbsp;contact@wsinteractive.com RCS","robots":{"index":"index","follow":"follow","max-snippet":"max-snippet:-1","max-image-preview":"max-image-preview:large","max-video-preview":"max-video-preview:-1"},"canonical":"https:\/\/www.wsinteractive.com\/fr\/politique-de-confidentialite\/","og_locale":"fr_FR","og_type":"article","og_title":"Politique de confidentialit\u00e9 - WS Interactive","og_description":"Politique de confidentialit\u00e9 WS Interactive15, quai Lucien Lombard 31000 ToulouseT\u00e9l :&nbsp;+33 (0)5 62 30 80 70Email :&nbsp;contact@wsinteractive.com RCS","og_url":"https:\/\/www.wsinteractive.com\/fr\/politique-de-confidentialite\/","og_site_name":"WS Interactive","article_publisher":"https:\/\/www.facebook.com\/wsinteractive","article_modified_time":"2024-10-07T07:53:48+00:00","twitter_card":"summary_large_image","twitter_site":"@ws_interactive","twitter_misc":{"Dur\u00e9e de lecture estim\u00e9e":"7 minutes"},"schema":{"@context":"https:\/\/schema.org","@graph":[{"@type":"WebPage","@id":"https:\/\/www.wsinteractive.com\/fr\/politique-de-confidentialite\/","url":"https:\/\/www.wsinteractive.com\/fr\/politique-de-confidentialite\/","name":"Politique de confidentialit\u00e9 - WS Interactive","isPartOf":{"@id":"https:\/\/www.wsinteractive.com\/fr\/#website"},"datePublished":"2022-06-13T13:47:24+00:00","dateModified":"2024-10-07T07:53:48+00:00","description":"Politique de confidentialit\u00e9 WS Interactive15, quai Lucien Lombard 31000 ToulouseT\u00e9l :&nbsp;+33 (0)5 62 30 80 70Email :&nbsp;contact@wsinteractive.com RCS","breadcrumb":{"@id":"https:\/\/www.wsinteractive.com\/fr\/politique-de-confidentialite\/#breadcrumb"},"inLanguage":"fr-FR","potentialAction":[{"@type":"ReadAction","target":["https:\/\/www.wsinteractive.com\/fr\/politique-de-confidentialite\/"]}]},{"@type":"BreadcrumbList","@id":"https:\/\/www.wsinteractive.com\/fr\/politique-de-confidentialite\/#breadcrumb","itemListElement":[{"@type":"ListItem","position":1,"name":"Home","item":"https:\/\/www.wsinteractive.com\/fr\/"},{"@type":"ListItem","position":2,"name":"Politique de confidentialit\u00e9"}]},{"@type":"WebSite","@id":"https:\/\/www.wsinteractive.com\/fr\/#website","url":"https:\/\/www.wsinteractive.com\/fr\/","name":"WS Interactive","description":"WS","publisher":{"@id":"https:\/\/www.wsinteractive.com\/fr\/#organization"},"potentialAction":[{"@type":"SearchAction","target":{"@type":"EntryPoint","urlTemplate":"https:\/\/www.wsinteractive.com\/fr\/?s={search_term_string}"},"query-input":{"@type":"PropertyValueSpecification","valueRequired":true,"valueName":"search_term_string"}}],"inLanguage":"fr-FR"},{"@type":"Organization","@id":"https:\/\/www.wsinteractive.com\/fr\/#organization","name":"WS Interactive","url":"https:\/\/www.wsinteractive.com\/fr\/","logo":{"@type":"ImageObject","inLanguage":"fr-FR","@id":"https:\/\/www.wsinteractive.com\/fr\/#\/schema\/logo\/image\/","url":"https:\/\/www.wsinteractive.com\/wp-content\/uploads\/2024\/02\/cropped-WSI_logo.svg","contentUrl":"https:\/\/www.wsinteractive.com\/wp-content\/uploads\/2024\/02\/cropped-WSI_logo.svg","caption":"WS Interactive"},"image":{"@id":"https:\/\/www.wsinteractive.com\/fr\/#\/schema\/logo\/image\/"},"sameAs":["https:\/\/www.facebook.com\/wsinteractive","https:\/\/x.com\/ws_interactive","https:\/\/fr.linkedin.com\/company\/ws-interactive","https:\/\/www.instagram.com\/ws_interactive\/"]}]}},"_links":{"self":[{"href":"https:\/\/www.wsinteractive.com\/fr\/wp-json\/wp\/v2\/pages\/3","targetHints":{"allow":["GET"]}}],"collection":[{"href":"https:\/\/www.wsinteractive.com\/fr\/wp-json\/wp\/v2\/pages"}],"about":[{"href":"https:\/\/www.wsinteractive.com\/fr\/wp-json\/wp\/v2\/types\/page"}],"author":[{"embeddable":true,"href":"https:\/\/www.wsinteractive.com\/fr\/wp-json\/wp\/v2\/users\/1"}],"replies":[{"embeddable":true,"href":"https:\/\/www.wsinteractive.com\/fr\/wp-json\/wp\/v2\/comments?post=3"}],"version-history":[{"count":5,"href":"https:\/\/www.wsinteractive.com\/fr\/wp-json\/wp\/v2\/pages\/3\/revisions"}],"predecessor-version":[{"id":40715,"href":"https:\/\/www.wsinteractive.com\/fr\/wp-json\/wp\/v2\/pages\/3\/revisions\/40715"}],"wp:attachment":[{"href":"https:\/\/www.wsinteractive.com\/fr\/wp-json\/wp\/v2\/media?parent=3"}],"curies":[{"name":"wp","href":"https:\/\/api.w.org\/{rel}","templated":true}]}}