{"id":39373,"date":"2024-10-03T09:44:22","date_gmt":"2024-10-03T07:44:22","guid":{"rendered":"https:\/\/www.wsinteractive.com\/?page_id=39373"},"modified":"2024-10-25T09:21:15","modified_gmt":"2024-10-25T07:21:15","slug":"test-zoho-forms","status":"publish","type":"page","link":"https:\/\/www.wsinteractive.com\/fr\/test-zoho-forms\/","title":{"rendered":"Test Zoho Forms"},"content":{"rendered":"\n<div class=\"wp-block-columns banner-landingpage header-page is-layout-flex wp-container-core-columns-is-layout-9d6595d7 wp-block-columns-is-layout-flex\">\n<div class=\"wp-block-column is-layout-flow wp-block-column-is-layout-flow\" style=\"flex-basis:50%\">\n<h1 class=\"wp-block-heading has-black-color has-text-color has-link-color wp-elements-c645a1f08e784c568895a1425b51dcd0\" id=\"h-test-zoho-forms\" style=\"text-transform:uppercase\"><strong>Test zoho forms<\/strong><\/h1>\n\n\n\n<p class=\"is-style-subtitle\"><mark style=\"background-color:rgba(0, 0, 0, 0)\" class=\"has-inline-color has-black-color\"><strong>Page de test<\/strong><\/mark><\/p>\n<\/div>\n\n\n\n<div class=\"wp-block-column is-layout-flow wp-block-column-is-layout-flow\" style=\"flex-basis:50%\">\n<figure class=\"wp-block-image size-full\"><img loading=\"lazy\" decoding=\"async\" width=\"1849\" height=\"2084\" src=\"https:\/\/www.wsinteractive.com\/wp-content\/uploads\/2024\/04\/ui_ux_creation_site_centre_v3.png\" alt=\"\" class=\"wp-image-20450\" srcset=\"https:\/\/www.wsinteractive.com\/wp-content\/uploads\/2024\/04\/ui_ux_creation_site_centre_v3.png 1849w, https:\/\/www.wsinteractive.com\/wp-content\/uploads\/2024\/04\/ui_ux_creation_site_centre_v3-266x300.png 266w, https:\/\/www.wsinteractive.com\/wp-content\/uploads\/2024\/04\/ui_ux_creation_site_centre_v3-909x1024.png 909w, https:\/\/www.wsinteractive.com\/wp-content\/uploads\/2024\/04\/ui_ux_creation_site_centre_v3-768x866.png 768w, https:\/\/www.wsinteractive.com\/wp-content\/uploads\/2024\/04\/ui_ux_creation_site_centre_v3-1363x1536.png 1363w, https:\/\/www.wsinteractive.com\/wp-content\/uploads\/2024\/04\/ui_ux_creation_site_centre_v3-1817x2048.png 1817w\" sizes=\"auto, (max-width: 1849px) 100vw, 1849px\" \/><\/figure>\n<\/div>\n<\/div>\n\n\n\n<div style=\"height:48px\" aria-hidden=\"true\" class=\"wp-block-spacer is-style-wsi-break-line-reverse\"><\/div>\n\n\n\n<div class=\"wp-block-group has-bluelight-background-color has-background\"><div class=\"wp-block-group__inner-container is-layout-constrained wp-block-group-is-layout-constrained\">\n<div class=\"wp-block-group is-style-centered-content\"><div class=\"wp-block-group__inner-container is-layout-constrained wp-block-group-is-layout-constrained\">\n<div style=\"height:62px\" aria-hidden=\"true\" class=\"wp-block-spacer\"><\/div>\n\n\n\n<h2 class=\"wp-block-heading has-text-align-center\" id=\"h-candidature-spontanee\">Candidature spontan\u00e9e<\/h2>\n\n\n\n<p class=\"has-text-align-center\">Vous n&rsquo;avez pas trouv\u00e9 l&rsquo;offre qui vous correspond ? Compl\u00e9tez les champs ci-dessous et d\u00e9posez votre CV avec votre lettre de motivation pour candidater.<\/p>\n\n\n\n<div class=\"wp-block-zoho-zoho-forms\"><iframe loading=\"lazy\" height=\"1700px\" width=\"100%\" frameborder=\"0\" allow=\"geolocation;microphone;camera\" src=\"https:\/\/forms.zohopublic.eu\/wsinteractive\/form\/Candidature\/formperma\/fk1gEAbiasPB3GdbXHDXOXnHLIHxHUWV_fdOQtnk5Tg\"> <\/iframe><\/div>\n\n\n\n<p>Conform\u00e9ment au RGPD, vos donn\u00e9es personnelles seront trait\u00e9es de mani\u00e8re confidentielle et utilis\u00e9es uniquement pour les besoins de votre candidature. Pour plus d&rsquo;informations, consultez notre politique de confidentialit\u00e9 (lien vers la page du m\u00eame nom). Je reconnais avoir pris connaissance de la Politique de confidentialit\u00e9 et j\u2019accepte que mes donn\u00e9es personnelles soient collect\u00e9es et utilis\u00e9es dans le cadre de ma candidature.<\/p>\n\n\n\n<div style=\"height:62px\" aria-hidden=\"true\" class=\"wp-block-spacer\"><\/div>\n<\/div><\/div>\n<\/div><\/div>\n","protected":false},"excerpt":{"rendered":"<p>Test zoho forms Page de test Candidature spontan\u00e9e Vous n&rsquo;avez pas trouv\u00e9 l&rsquo;offre qui vous correspond ? Compl\u00e9tez les champs [&hellip;]<\/p>\n","protected":false},"author":1,"featured_media":0,"parent":0,"menu_order":0,"comment_status":"closed","ping_status":"closed","template":"","meta":{"footnotes":""},"class_list":["post-39373","page","type-page","status-publish","hentry"],"yoast_head":"<!-- This site is optimized with the Yoast SEO plugin v27.4 - https:\/\/yoast.com\/product\/yoast-seo-wordpress\/ -->\n<title>Test Zoho Forms - WS Interactive<\/title>\n<meta name=\"description\" content=\"Test zoho forms Page de test Candidature spontan\u00e9e Vous n&#039;avez pas trouv\u00e9 l&#039;offre qui vous correspond ? Compl\u00e9tez les champs ci-dessous et d\u00e9posez votre\" \/>\n<meta name=\"robots\" content=\"noindex, nofollow\" \/>\n<meta property=\"og:locale\" content=\"fr_FR\" \/>\n<meta property=\"og:type\" content=\"article\" \/>\n<meta property=\"og:title\" content=\"Test Zoho Forms - WS Interactive\" \/>\n<meta property=\"og:description\" content=\"Test zoho forms Page de test Candidature spontan\u00e9e Vous n&#039;avez pas trouv\u00e9 l&#039;offre qui vous correspond ? Compl\u00e9tez les champs ci-dessous et d\u00e9posez votre\" \/>\n<meta property=\"og:url\" content=\"https:\/\/www.wsinteractive.com\/fr\/test-zoho-forms\/\" \/>\n<meta property=\"og:site_name\" content=\"WS Interactive\" \/>\n<meta property=\"article:publisher\" content=\"https:\/\/www.facebook.com\/wsinteractive\" \/>\n<meta property=\"article:modified_time\" content=\"2024-10-25T07:21:15+00:00\" \/>\n<meta property=\"og:image\" content=\"https:\/\/www.wsinteractive.com\/wp-content\/uploads\/2024\/04\/ui_ux_creation_site_centre_v3.png\" \/>\n<meta name=\"twitter:card\" content=\"summary_large_image\" \/>\n<meta name=\"twitter:site\" content=\"@ws_interactive\" \/>\n<meta name=\"twitter:label1\" content=\"Dur\u00e9e de lecture estim\u00e9e\" \/>\n\t<meta name=\"twitter:data1\" content=\"1 minute\" \/>\n<script type=\"application\/ld+json\" class=\"yoast-schema-graph\">{\"@context\":\"https:\\\/\\\/schema.org\",\"@graph\":[{\"@type\":\"WebPage\",\"@id\":\"https:\\\/\\\/www.wsinteractive.com\\\/fr\\\/test-zoho-forms\\\/\",\"url\":\"https:\\\/\\\/www.wsinteractive.com\\\/fr\\\/test-zoho-forms\\\/\",\"name\":\"Test Zoho Forms - WS Interactive\",\"isPartOf\":{\"@id\":\"https:\\\/\\\/www.wsinteractive.com\\\/fr\\\/#website\"},\"primaryImageOfPage\":{\"@id\":\"https:\\\/\\\/www.wsinteractive.com\\\/fr\\\/test-zoho-forms\\\/#primaryimage\"},\"image\":{\"@id\":\"https:\\\/\\\/www.wsinteractive.com\\\/fr\\\/test-zoho-forms\\\/#primaryimage\"},\"thumbnailUrl\":\"https:\\\/\\\/www.wsinteractive.com\\\/wp-content\\\/uploads\\\/2024\\\/04\\\/ui_ux_creation_site_centre_v3.png\",\"datePublished\":\"2024-10-03T07:44:22+00:00\",\"dateModified\":\"2024-10-25T07:21:15+00:00\",\"description\":\"Test zoho forms Page de test Candidature spontan\u00e9e Vous n'avez pas trouv\u00e9 l'offre qui vous correspond ? Compl\u00e9tez les champs ci-dessous et d\u00e9posez votre\",\"breadcrumb\":{\"@id\":\"https:\\\/\\\/www.wsinteractive.com\\\/fr\\\/test-zoho-forms\\\/#breadcrumb\"},\"inLanguage\":\"fr-FR\",\"potentialAction\":[{\"@type\":\"ReadAction\",\"target\":[\"https:\\\/\\\/www.wsinteractive.com\\\/fr\\\/test-zoho-forms\\\/\"]}]},{\"@type\":\"ImageObject\",\"inLanguage\":\"fr-FR\",\"@id\":\"https:\\\/\\\/www.wsinteractive.com\\\/fr\\\/test-zoho-forms\\\/#primaryimage\",\"url\":\"https:\\\/\\\/www.wsinteractive.com\\\/wp-content\\\/uploads\\\/2024\\\/04\\\/ui_ux_creation_site_centre_v3.png\",\"contentUrl\":\"https:\\\/\\\/www.wsinteractive.com\\\/wp-content\\\/uploads\\\/2024\\\/04\\\/ui_ux_creation_site_centre_v3.png\"},{\"@type\":\"BreadcrumbList\",\"@id\":\"https:\\\/\\\/www.wsinteractive.com\\\/fr\\\/test-zoho-forms\\\/#breadcrumb\",\"itemListElement\":[{\"@type\":\"ListItem\",\"position\":1,\"name\":\"Home\",\"item\":\"https:\\\/\\\/www.wsinteractive.com\\\/fr\\\/\"},{\"@type\":\"ListItem\",\"position\":2,\"name\":\"Test Zoho Forms\"}]},{\"@type\":\"WebSite\",\"@id\":\"https:\\\/\\\/www.wsinteractive.com\\\/fr\\\/#website\",\"url\":\"https:\\\/\\\/www.wsinteractive.com\\\/fr\\\/\",\"name\":\"WS Interactive\",\"description\":\"WS\",\"publisher\":{\"@id\":\"https:\\\/\\\/www.wsinteractive.com\\\/fr\\\/#organization\"},\"potentialAction\":[{\"@type\":\"SearchAction\",\"target\":{\"@type\":\"EntryPoint\",\"urlTemplate\":\"https:\\\/\\\/www.wsinteractive.com\\\/fr\\\/?s={search_term_string}\"},\"query-input\":{\"@type\":\"PropertyValueSpecification\",\"valueRequired\":true,\"valueName\":\"search_term_string\"}}],\"inLanguage\":\"fr-FR\"},{\"@type\":\"Organization\",\"@id\":\"https:\\\/\\\/www.wsinteractive.com\\\/fr\\\/#organization\",\"name\":\"WS Interactive\",\"url\":\"https:\\\/\\\/www.wsinteractive.com\\\/fr\\\/\",\"logo\":{\"@type\":\"ImageObject\",\"inLanguage\":\"fr-FR\",\"@id\":\"https:\\\/\\\/www.wsinteractive.com\\\/fr\\\/#\\\/schema\\\/logo\\\/image\\\/\",\"url\":\"https:\\\/\\\/www.wsinteractive.com\\\/wp-content\\\/uploads\\\/2024\\\/02\\\/cropped-WSI_logo.svg\",\"contentUrl\":\"https:\\\/\\\/www.wsinteractive.com\\\/wp-content\\\/uploads\\\/2024\\\/02\\\/cropped-WSI_logo.svg\",\"caption\":\"WS Interactive\"},\"image\":{\"@id\":\"https:\\\/\\\/www.wsinteractive.com\\\/fr\\\/#\\\/schema\\\/logo\\\/image\\\/\"},\"sameAs\":[\"https:\\\/\\\/www.facebook.com\\\/wsinteractive\",\"https:\\\/\\\/x.com\\\/ws_interactive\",\"https:\\\/\\\/fr.linkedin.com\\\/company\\\/ws-interactive\",\"https:\\\/\\\/www.instagram.com\\\/ws_interactive\\\/\"]}]}<\/script>\n<!-- \/ Yoast SEO plugin. -->","yoast_head_json":{"title":"Test Zoho Forms - WS Interactive","description":"Test zoho forms Page de test Candidature spontan\u00e9e Vous n'avez pas trouv\u00e9 l'offre qui vous correspond ? Compl\u00e9tez les champs ci-dessous et d\u00e9posez votre","robots":{"index":"noindex","follow":"nofollow"},"og_locale":"fr_FR","og_type":"article","og_title":"Test Zoho Forms - WS Interactive","og_description":"Test zoho forms Page de test Candidature spontan\u00e9e Vous n'avez pas trouv\u00e9 l'offre qui vous correspond ? Compl\u00e9tez les champs ci-dessous et d\u00e9posez votre","og_url":"https:\/\/www.wsinteractive.com\/fr\/test-zoho-forms\/","og_site_name":"WS Interactive","article_publisher":"https:\/\/www.facebook.com\/wsinteractive","article_modified_time":"2024-10-25T07:21:15+00:00","og_image":[{"url":"https:\/\/www.wsinteractive.com\/wp-content\/uploads\/2024\/04\/ui_ux_creation_site_centre_v3.png","type":"","width":"","height":""}],"twitter_card":"summary_large_image","twitter_site":"@ws_interactive","twitter_misc":{"Dur\u00e9e de lecture estim\u00e9e":"1 minute"},"schema":{"@context":"https:\/\/schema.org","@graph":[{"@type":"WebPage","@id":"https:\/\/www.wsinteractive.com\/fr\/test-zoho-forms\/","url":"https:\/\/www.wsinteractive.com\/fr\/test-zoho-forms\/","name":"Test Zoho Forms - WS Interactive","isPartOf":{"@id":"https:\/\/www.wsinteractive.com\/fr\/#website"},"primaryImageOfPage":{"@id":"https:\/\/www.wsinteractive.com\/fr\/test-zoho-forms\/#primaryimage"},"image":{"@id":"https:\/\/www.wsinteractive.com\/fr\/test-zoho-forms\/#primaryimage"},"thumbnailUrl":"https:\/\/www.wsinteractive.com\/wp-content\/uploads\/2024\/04\/ui_ux_creation_site_centre_v3.png","datePublished":"2024-10-03T07:44:22+00:00","dateModified":"2024-10-25T07:21:15+00:00","description":"Test zoho forms Page de test Candidature spontan\u00e9e Vous n'avez pas trouv\u00e9 l'offre qui vous correspond ? Compl\u00e9tez les champs ci-dessous et d\u00e9posez votre","breadcrumb":{"@id":"https:\/\/www.wsinteractive.com\/fr\/test-zoho-forms\/#breadcrumb"},"inLanguage":"fr-FR","potentialAction":[{"@type":"ReadAction","target":["https:\/\/www.wsinteractive.com\/fr\/test-zoho-forms\/"]}]},{"@type":"ImageObject","inLanguage":"fr-FR","@id":"https:\/\/www.wsinteractive.com\/fr\/test-zoho-forms\/#primaryimage","url":"https:\/\/www.wsinteractive.com\/wp-content\/uploads\/2024\/04\/ui_ux_creation_site_centre_v3.png","contentUrl":"https:\/\/www.wsinteractive.com\/wp-content\/uploads\/2024\/04\/ui_ux_creation_site_centre_v3.png"},{"@type":"BreadcrumbList","@id":"https:\/\/www.wsinteractive.com\/fr\/test-zoho-forms\/#breadcrumb","itemListElement":[{"@type":"ListItem","position":1,"name":"Home","item":"https:\/\/www.wsinteractive.com\/fr\/"},{"@type":"ListItem","position":2,"name":"Test Zoho Forms"}]},{"@type":"WebSite","@id":"https:\/\/www.wsinteractive.com\/fr\/#website","url":"https:\/\/www.wsinteractive.com\/fr\/","name":"WS Interactive","description":"WS","publisher":{"@id":"https:\/\/www.wsinteractive.com\/fr\/#organization"},"potentialAction":[{"@type":"SearchAction","target":{"@type":"EntryPoint","urlTemplate":"https:\/\/www.wsinteractive.com\/fr\/?s={search_term_string}"},"query-input":{"@type":"PropertyValueSpecification","valueRequired":true,"valueName":"search_term_string"}}],"inLanguage":"fr-FR"},{"@type":"Organization","@id":"https:\/\/www.wsinteractive.com\/fr\/#organization","name":"WS Interactive","url":"https:\/\/www.wsinteractive.com\/fr\/","logo":{"@type":"ImageObject","inLanguage":"fr-FR","@id":"https:\/\/www.wsinteractive.com\/fr\/#\/schema\/logo\/image\/","url":"https:\/\/www.wsinteractive.com\/wp-content\/uploads\/2024\/02\/cropped-WSI_logo.svg","contentUrl":"https:\/\/www.wsinteractive.com\/wp-content\/uploads\/2024\/02\/cropped-WSI_logo.svg","caption":"WS Interactive"},"image":{"@id":"https:\/\/www.wsinteractive.com\/fr\/#\/schema\/logo\/image\/"},"sameAs":["https:\/\/www.facebook.com\/wsinteractive","https:\/\/x.com\/ws_interactive","https:\/\/fr.linkedin.com\/company\/ws-interactive","https:\/\/www.instagram.com\/ws_interactive\/"]}]}},"_links":{"self":[{"href":"https:\/\/www.wsinteractive.com\/fr\/wp-json\/wp\/v2\/pages\/39373","targetHints":{"allow":["GET"]}}],"collection":[{"href":"https:\/\/www.wsinteractive.com\/fr\/wp-json\/wp\/v2\/pages"}],"about":[{"href":"https:\/\/www.wsinteractive.com\/fr\/wp-json\/wp\/v2\/types\/page"}],"author":[{"embeddable":true,"href":"https:\/\/www.wsinteractive.com\/fr\/wp-json\/wp\/v2\/users\/1"}],"replies":[{"embeddable":true,"href":"https:\/\/www.wsinteractive.com\/fr\/wp-json\/wp\/v2\/comments?post=39373"}],"version-history":[{"count":3,"href":"https:\/\/www.wsinteractive.com\/fr\/wp-json\/wp\/v2\/pages\/39373\/revisions"}],"predecessor-version":[{"id":45546,"href":"https:\/\/www.wsinteractive.com\/fr\/wp-json\/wp\/v2\/pages\/39373\/revisions\/45546"}],"wp:attachment":[{"href":"https:\/\/www.wsinteractive.com\/fr\/wp-json\/wp\/v2\/media?parent=39373"}],"curies":[{"name":"wp","href":"https:\/\/api.w.org\/{rel}","templated":true}]}}