{"id":3947,"date":"2023-01-03T10:24:51","date_gmt":"2023-01-03T09:24:51","guid":{"rendered":"https:\/\/www.wsinteractive.com\/?page_id=3947"},"modified":"2023-11-27T15:46:20","modified_gmt":"2023-11-27T14:46:20","slug":"creez-votre-brief-web","status":"publish","type":"page","link":"https:\/\/www.wsinteractive.com\/fr\/creez-votre-brief-web\/","title":{"rendered":"Cr\u00e9ez votre brief web"},"content":{"rendered":"\n<div class=\"wp-block-columns is-layout-flex wp-container-core-columns-is-layout-9d6595d7 wp-block-columns-is-layout-flex\">\n<div class=\"wp-block-column is-layout-flow wp-block-column-is-layout-flow\">\n<p>Cahier des charges<\/p>\n\n\n\n<h1 class=\"wp-block-heading\" id=\"h-creez-votre-brief-web\">Cr\u00e9ez <img decoding=\"async\" width=\"117\" height=\"61\" class=\"wp-image-1468\" style=\"width: 117px;\" src=\"https:\/\/www.wsinteractive.com\/wp-content\/uploads\/2022\/08\/Group-510.png\" alt=\"\"> votre brief web<\/h1>\n\n\n\n<p>Un guide interactif pour concevoir votre cahier des charges afin de d\u00e9finir le besoin fonctionnel de votre nouveau site web ou refonte du site.  D\u00e9crivez votre vision&nbsp;!<\/p>\n<\/div>\n\n\n\n<div class=\"wp-block-column is-layout-flow wp-block-column-is-layout-flow\">\n<figure class=\"wp-block-image size-full\"><img decoding=\"async\" width=\"574\" height=\"286\" src=\"https:\/\/www.wsinteractive.com\/wp-content\/uploads\/2022\/07\/job-detail.png\" alt=\"\" class=\"wp-image-2586\" srcset=\"https:\/\/www.wsinteractive.com\/wp-content\/uploads\/2022\/07\/job-detail.png 574w, https:\/\/www.wsinteractive.com\/wp-content\/uploads\/2022\/07\/job-detail-300x149.png 300w\" sizes=\"(max-width: 574px) 100vw, 574px\" \/><\/figure>\n<\/div>\n<\/div>\n\n\n\n<div style=\"height:100px\" aria-hidden=\"true\" class=\"wp-block-spacer is-style-wsi-break-line\"><\/div>\n\n\n\n<div class=\"wp-block-columns is-layout-flex wp-container-core-columns-is-layout-9d6595d7 wp-block-columns-is-layout-flex\">\n<div class=\"wp-block-column is-layout-flow wp-block-column-is-layout-flow\" style=\"flex-basis:33.33%\">\n<figure class=\"wp-block-image size-full is-resized\"><img decoding=\"async\" width=\"647\" height=\"323\" src=\"https:\/\/www.wsinteractive.com\/wp-content\/uploads\/2022\/08\/strategie.png\" alt=\"\" class=\"wp-image-2006\" style=\"width:322px;height:auto\" srcset=\"https:\/\/www.wsinteractive.com\/wp-content\/uploads\/2022\/08\/strategie.png 647w, https:\/\/www.wsinteractive.com\/wp-content\/uploads\/2022\/08\/strategie-300x150.png 300w\" sizes=\"(max-width: 647px) 100vw, 647px\" \/><\/figure>\n<\/div>\n\n\n\n<div class=\"wp-block-column is-layout-flow wp-block-column-is-layout-flow\" style=\"flex-basis:66.66%\">\n<h2 class=\"wp-block-heading\" id=\"h-la-creation-d-un-site-commence-par-la-communication-de-votre-vision-strategique\">La cr\u00e9ation d&rsquo;un site commence par la communication de votre vision strat\u00e9gique<\/h2>\n<\/div>\n<\/div>\n\n\n\n<p>Nous vous proposons un guide interactif pour pr\u00e9parer votre cahier de charges. N&rsquo;h\u00e9sitez pas \u00e0 <a href=\"https:\/\/www.wsinteractive.com\/fr\/contact\/\">nous contacter<\/a> si vous souhaitez que nous vous accompagnons dans cette d\u00e9marche.<\/p>\n\n\n\n<iframe frameborder=\"0\" style=\"height:1100px;width:1200px;border:none;\" src=\"https:\/\/forms.zohopublic.eu\/wsinteractive\/form\/WSCrervotrebrief\/formperma\/pxqID_WFNRy4LTrKXjjwVbjeeuUHIipohZyUNOVdfRw\"><\/iframe>\n","protected":false},"excerpt":{"rendered":"<p>Cahier des charges Cr\u00e9ez votre brief web Un guide interactif pour concevoir votre cahier des charges afin de d\u00e9finir le [&hellip;]<\/p>\n","protected":false},"author":1,"featured_media":0,"parent":0,"menu_order":0,"comment_status":"closed","ping_status":"closed","template":"","meta":{"footnotes":""},"class_list":["post-3947","page","type-page","status-publish","hentry"],"yoast_head":"<!-- This site is optimized with the Yoast SEO plugin v27.3 - https:\/\/yoast.com\/product\/yoast-seo-wordpress\/ -->\n<title>Cr\u00e9ez votre brief web - WS Interactive<\/title>\n<meta name=\"description\" content=\"Cr\u00e9ez facilement et rapidement un brief de site web bas\u00e9 sur nos 25 ans d&#039;exp\u00e9rience dans la cr\u00e9ation de sites web pour les entreprises.\" \/>\n<meta name=\"robots\" content=\"index, follow, max-snippet:-1, max-image-preview:large, max-video-preview:-1\" \/>\n<link rel=\"canonical\" href=\"https:\/\/www.wsinteractive.com\/fr\/creez-votre-brief-web\/\" \/>\n<meta property=\"og:locale\" content=\"fr_FR\" \/>\n<meta property=\"og:type\" content=\"article\" \/>\n<meta property=\"og:title\" content=\"Cr\u00e9ez votre brief web - WS Interactive\" \/>\n<meta property=\"og:description\" content=\"Cr\u00e9ez facilement et rapidement un brief de site web bas\u00e9 sur nos 25 ans d&#039;exp\u00e9rience dans la cr\u00e9ation de sites web pour les entreprises.\" \/>\n<meta property=\"og:url\" content=\"https:\/\/www.wsinteractive.com\/fr\/creez-votre-brief-web\/\" \/>\n<meta property=\"og:site_name\" content=\"WS Interactive\" \/>\n<meta property=\"article:publisher\" content=\"https:\/\/www.facebook.com\/wsinteractive\" \/>\n<meta property=\"article:modified_time\" content=\"2023-11-27T14:46:20+00:00\" \/>\n<meta property=\"og:image\" content=\"https:\/\/www.wsinteractive.com\/wp-content\/uploads\/2022\/08\/Group-510.png\" \/>\n<meta name=\"twitter:card\" content=\"summary_large_image\" \/>\n<meta name=\"twitter:site\" content=\"@ws_interactive\" \/>\n<meta name=\"twitter:label1\" content=\"Dur\u00e9e de lecture estim\u00e9e\" \/>\n\t<meta name=\"twitter:data1\" content=\"1 minute\" \/>\n<script type=\"application\/ld+json\" class=\"yoast-schema-graph\">{\"@context\":\"https:\\\/\\\/schema.org\",\"@graph\":[{\"@type\":\"WebPage\",\"@id\":\"https:\\\/\\\/www.wsinteractive.com\\\/fr\\\/creez-votre-brief-web\\\/\",\"url\":\"https:\\\/\\\/www.wsinteractive.com\\\/fr\\\/creez-votre-brief-web\\\/\",\"name\":\"Cr\u00e9ez votre brief web - WS Interactive\",\"isPartOf\":{\"@id\":\"https:\\\/\\\/www.wsinteractive.com\\\/fr\\\/#website\"},\"primaryImageOfPage\":{\"@id\":\"https:\\\/\\\/www.wsinteractive.com\\\/fr\\\/creez-votre-brief-web\\\/#primaryimage\"},\"image\":{\"@id\":\"https:\\\/\\\/www.wsinteractive.com\\\/fr\\\/creez-votre-brief-web\\\/#primaryimage\"},\"thumbnailUrl\":\"https:\\\/\\\/www.wsinteractive.com\\\/wp-content\\\/uploads\\\/2022\\\/08\\\/Group-510.png\",\"datePublished\":\"2023-01-03T09:24:51+00:00\",\"dateModified\":\"2023-11-27T14:46:20+00:00\",\"description\":\"Cr\u00e9ez facilement et rapidement un brief de site web bas\u00e9 sur nos 25 ans d'exp\u00e9rience dans la cr\u00e9ation de sites web pour les entreprises.\",\"breadcrumb\":{\"@id\":\"https:\\\/\\\/www.wsinteractive.com\\\/fr\\\/creez-votre-brief-web\\\/#breadcrumb\"},\"inLanguage\":\"fr-FR\",\"potentialAction\":[{\"@type\":\"ReadAction\",\"target\":[\"https:\\\/\\\/www.wsinteractive.com\\\/fr\\\/creez-votre-brief-web\\\/\"]}]},{\"@type\":\"ImageObject\",\"inLanguage\":\"fr-FR\",\"@id\":\"https:\\\/\\\/www.wsinteractive.com\\\/fr\\\/creez-votre-brief-web\\\/#primaryimage\",\"url\":\"https:\\\/\\\/www.wsinteractive.com\\\/wp-content\\\/uploads\\\/2022\\\/08\\\/Group-510.png\",\"contentUrl\":\"https:\\\/\\\/www.wsinteractive.com\\\/wp-content\\\/uploads\\\/2022\\\/08\\\/Group-510.png\"},{\"@type\":\"BreadcrumbList\",\"@id\":\"https:\\\/\\\/www.wsinteractive.com\\\/fr\\\/creez-votre-brief-web\\\/#breadcrumb\",\"itemListElement\":[{\"@type\":\"ListItem\",\"position\":1,\"name\":\"Home\",\"item\":\"https:\\\/\\\/www.wsinteractive.com\\\/fr\\\/\"},{\"@type\":\"ListItem\",\"position\":2,\"name\":\"Cr\u00e9ez votre brief web\"}]},{\"@type\":\"WebSite\",\"@id\":\"https:\\\/\\\/www.wsinteractive.com\\\/fr\\\/#website\",\"url\":\"https:\\\/\\\/www.wsinteractive.com\\\/fr\\\/\",\"name\":\"WS Interactive\",\"description\":\"WS\",\"publisher\":{\"@id\":\"https:\\\/\\\/www.wsinteractive.com\\\/fr\\\/#organization\"},\"potentialAction\":[{\"@type\":\"SearchAction\",\"target\":{\"@type\":\"EntryPoint\",\"urlTemplate\":\"https:\\\/\\\/www.wsinteractive.com\\\/fr\\\/?s={search_term_string}\"},\"query-input\":{\"@type\":\"PropertyValueSpecification\",\"valueRequired\":true,\"valueName\":\"search_term_string\"}}],\"inLanguage\":\"fr-FR\"},{\"@type\":\"Organization\",\"@id\":\"https:\\\/\\\/www.wsinteractive.com\\\/fr\\\/#organization\",\"name\":\"WS Interactive\",\"url\":\"https:\\\/\\\/www.wsinteractive.com\\\/fr\\\/\",\"logo\":{\"@type\":\"ImageObject\",\"inLanguage\":\"fr-FR\",\"@id\":\"https:\\\/\\\/www.wsinteractive.com\\\/fr\\\/#\\\/schema\\\/logo\\\/image\\\/\",\"url\":\"https:\\\/\\\/www.wsinteractive.com\\\/wp-content\\\/uploads\\\/2024\\\/02\\\/cropped-WSI_logo.svg\",\"contentUrl\":\"https:\\\/\\\/www.wsinteractive.com\\\/wp-content\\\/uploads\\\/2024\\\/02\\\/cropped-WSI_logo.svg\",\"caption\":\"WS Interactive\"},\"image\":{\"@id\":\"https:\\\/\\\/www.wsinteractive.com\\\/fr\\\/#\\\/schema\\\/logo\\\/image\\\/\"},\"sameAs\":[\"https:\\\/\\\/www.facebook.com\\\/wsinteractive\",\"https:\\\/\\\/x.com\\\/ws_interactive\",\"https:\\\/\\\/fr.linkedin.com\\\/company\\\/ws-interactive\",\"https:\\\/\\\/www.instagram.com\\\/ws_interactive\\\/\"]}]}<\/script>\n<!-- \/ Yoast SEO plugin. -->","yoast_head_json":{"title":"Cr\u00e9ez votre brief web - WS Interactive","description":"Cr\u00e9ez facilement et rapidement un brief de site web bas\u00e9 sur nos 25 ans d'exp\u00e9rience dans la cr\u00e9ation de sites web pour les entreprises.","robots":{"index":"index","follow":"follow","max-snippet":"max-snippet:-1","max-image-preview":"max-image-preview:large","max-video-preview":"max-video-preview:-1"},"canonical":"https:\/\/www.wsinteractive.com\/fr\/creez-votre-brief-web\/","og_locale":"fr_FR","og_type":"article","og_title":"Cr\u00e9ez votre brief web - WS Interactive","og_description":"Cr\u00e9ez facilement et rapidement un brief de site web bas\u00e9 sur nos 25 ans d'exp\u00e9rience dans la cr\u00e9ation de sites web pour les entreprises.","og_url":"https:\/\/www.wsinteractive.com\/fr\/creez-votre-brief-web\/","og_site_name":"WS Interactive","article_publisher":"https:\/\/www.facebook.com\/wsinteractive","article_modified_time":"2023-11-27T14:46:20+00:00","og_image":[{"url":"https:\/\/www.wsinteractive.com\/wp-content\/uploads\/2022\/08\/Group-510.png","type":"","width":"","height":""}],"twitter_card":"summary_large_image","twitter_site":"@ws_interactive","twitter_misc":{"Dur\u00e9e de lecture estim\u00e9e":"1 minute"},"schema":{"@context":"https:\/\/schema.org","@graph":[{"@type":"WebPage","@id":"https:\/\/www.wsinteractive.com\/fr\/creez-votre-brief-web\/","url":"https:\/\/www.wsinteractive.com\/fr\/creez-votre-brief-web\/","name":"Cr\u00e9ez votre brief web - WS Interactive","isPartOf":{"@id":"https:\/\/www.wsinteractive.com\/fr\/#website"},"primaryImageOfPage":{"@id":"https:\/\/www.wsinteractive.com\/fr\/creez-votre-brief-web\/#primaryimage"},"image":{"@id":"https:\/\/www.wsinteractive.com\/fr\/creez-votre-brief-web\/#primaryimage"},"thumbnailUrl":"https:\/\/www.wsinteractive.com\/wp-content\/uploads\/2022\/08\/Group-510.png","datePublished":"2023-01-03T09:24:51+00:00","dateModified":"2023-11-27T14:46:20+00:00","description":"Cr\u00e9ez facilement et rapidement un brief de site web bas\u00e9 sur nos 25 ans d'exp\u00e9rience dans la cr\u00e9ation de sites web pour les entreprises.","breadcrumb":{"@id":"https:\/\/www.wsinteractive.com\/fr\/creez-votre-brief-web\/#breadcrumb"},"inLanguage":"fr-FR","potentialAction":[{"@type":"ReadAction","target":["https:\/\/www.wsinteractive.com\/fr\/creez-votre-brief-web\/"]}]},{"@type":"ImageObject","inLanguage":"fr-FR","@id":"https:\/\/www.wsinteractive.com\/fr\/creez-votre-brief-web\/#primaryimage","url":"https:\/\/www.wsinteractive.com\/wp-content\/uploads\/2022\/08\/Group-510.png","contentUrl":"https:\/\/www.wsinteractive.com\/wp-content\/uploads\/2022\/08\/Group-510.png"},{"@type":"BreadcrumbList","@id":"https:\/\/www.wsinteractive.com\/fr\/creez-votre-brief-web\/#breadcrumb","itemListElement":[{"@type":"ListItem","position":1,"name":"Home","item":"https:\/\/www.wsinteractive.com\/fr\/"},{"@type":"ListItem","position":2,"name":"Cr\u00e9ez votre brief web"}]},{"@type":"WebSite","@id":"https:\/\/www.wsinteractive.com\/fr\/#website","url":"https:\/\/www.wsinteractive.com\/fr\/","name":"WS Interactive","description":"WS","publisher":{"@id":"https:\/\/www.wsinteractive.com\/fr\/#organization"},"potentialAction":[{"@type":"SearchAction","target":{"@type":"EntryPoint","urlTemplate":"https:\/\/www.wsinteractive.com\/fr\/?s={search_term_string}"},"query-input":{"@type":"PropertyValueSpecification","valueRequired":true,"valueName":"search_term_string"}}],"inLanguage":"fr-FR"},{"@type":"Organization","@id":"https:\/\/www.wsinteractive.com\/fr\/#organization","name":"WS Interactive","url":"https:\/\/www.wsinteractive.com\/fr\/","logo":{"@type":"ImageObject","inLanguage":"fr-FR","@id":"https:\/\/www.wsinteractive.com\/fr\/#\/schema\/logo\/image\/","url":"https:\/\/www.wsinteractive.com\/wp-content\/uploads\/2024\/02\/cropped-WSI_logo.svg","contentUrl":"https:\/\/www.wsinteractive.com\/wp-content\/uploads\/2024\/02\/cropped-WSI_logo.svg","caption":"WS Interactive"},"image":{"@id":"https:\/\/www.wsinteractive.com\/fr\/#\/schema\/logo\/image\/"},"sameAs":["https:\/\/www.facebook.com\/wsinteractive","https:\/\/x.com\/ws_interactive","https:\/\/fr.linkedin.com\/company\/ws-interactive","https:\/\/www.instagram.com\/ws_interactive\/"]}]}},"_links":{"self":[{"href":"https:\/\/www.wsinteractive.com\/fr\/wp-json\/wp\/v2\/pages\/3947","targetHints":{"allow":["GET"]}}],"collection":[{"href":"https:\/\/www.wsinteractive.com\/fr\/wp-json\/wp\/v2\/pages"}],"about":[{"href":"https:\/\/www.wsinteractive.com\/fr\/wp-json\/wp\/v2\/types\/page"}],"author":[{"embeddable":true,"href":"https:\/\/www.wsinteractive.com\/fr\/wp-json\/wp\/v2\/users\/1"}],"replies":[{"embeddable":true,"href":"https:\/\/www.wsinteractive.com\/fr\/wp-json\/wp\/v2\/comments?post=3947"}],"version-history":[{"count":24,"href":"https:\/\/www.wsinteractive.com\/fr\/wp-json\/wp\/v2\/pages\/3947\/revisions"}],"predecessor-version":[{"id":14376,"href":"https:\/\/www.wsinteractive.com\/fr\/wp-json\/wp\/v2\/pages\/3947\/revisions\/14376"}],"wp:attachment":[{"href":"https:\/\/www.wsinteractive.com\/fr\/wp-json\/wp\/v2\/media?parent=3947"}],"curies":[{"name":"wp","href":"https:\/\/api.w.org\/{rel}","templated":true}]}}