{"id":46352,"date":"2024-10-31T14:50:58","date_gmt":"2024-10-31T13:50:58","guid":{"rendered":"https:\/\/www.wsinteractive.com\/?page_id=46352"},"modified":"2024-10-31T17:02:03","modified_gmt":"2024-10-31T16:02:03","slug":"votre-audit-seo-gratuit","status":"publish","type":"page","link":"https:\/\/www.wsinteractive.com\/fr\/votre-audit-seo-gratuit\/","title":{"rendered":"Votre audit SEO gratuit"},"content":{"rendered":"\n<div class=\"wp-block-columns banner-landingpage header-page is-layout-flex wp-container-core-columns-is-layout-9d6595d7 wp-block-columns-is-layout-flex\">\n<div class=\"wp-block-column is-layout-flow wp-block-column-is-layout-flow\" style=\"flex-basis:50%\">\n<h1 class=\"wp-block-heading\" id=\"h-ameliorer-votre-visibilite\" style=\"text-transform:uppercase\"><strong>Am\u00e9liorer votre visibilit\u00e9  <\/strong><\/h1>\n\n\n\n<h2 class=\"wp-block-heading is-style-subtitle\" id=\"h-demandez-l-audit-seo-gratuit\">Demandez <strong>l&rsquo;audit SEO gratuit !<\/strong><\/h2>\n\n\n\n<p class=\"is-style-default\"><br><strong>Le web \u00e9volue constamment. Votre site suit-il \u00e9galement ces \u00e9volutions ? WS vous propose un audit sur mesure et gratuit pour d\u00e9terminer les axes d&rsquo;am\u00e9lioration.  <\/strong><\/p>\n<\/div>\n\n\n\n<div class=\"wp-block-column is-layout-flow wp-block-column-is-layout-flow\" style=\"flex-basis:50%\">\n<figure class=\"wp-block-image size-full\"><img loading=\"lazy\" decoding=\"async\" width=\"1303\" height=\"721\" src=\"https:\/\/www.wsinteractive.com\/wp-content\/uploads\/2023\/03\/article_image_1_.png\" alt=\"\" class=\"wp-image-6223\" srcset=\"https:\/\/www.wsinteractive.com\/wp-content\/uploads\/2023\/03\/article_image_1_.png 1303w, https:\/\/www.wsinteractive.com\/wp-content\/uploads\/2023\/03\/article_image_1_-300x166.png 300w, https:\/\/www.wsinteractive.com\/wp-content\/uploads\/2023\/03\/article_image_1_-1024x567.png 1024w, https:\/\/www.wsinteractive.com\/wp-content\/uploads\/2023\/03\/article_image_1_-768x425.png 768w\" sizes=\"auto, (max-width: 1303px) 100vw, 1303px\" \/><\/figure>\n<\/div>\n<\/div>\n\n\n\n<div style=\"height:21px\" aria-hidden=\"true\" class=\"wp-block-spacer is-style-default\"><\/div>\n\n\n\n<h2 class=\"wp-block-heading has-text-align-center\" id=\"h-le-suivi-par-un-expert-seo-pour-votre-site-web\"><strong>Le suivi par un expert SEO pour votre site web !   <\/strong><\/h2>\n\n\n\n<div class=\"wp-block-columns are-vertically-aligned-center is-style-columns-criss-cross is-layout-flex wp-container-core-columns-is-layout-9d6595d7 wp-block-columns-is-layout-flex\">\n<div class=\"wp-block-column is-vertically-aligned-center is-layout-flow wp-block-column-is-layout-flow\">\n<h2 class=\"wp-block-heading\" id=\"h-plus-qu-une-vitrine-votre-site-est-votre-marque-et-votre-business\"><strong>Plus qu&rsquo;une vitrine votre site est votre marque et votre business !<\/strong><\/h2>\n\n\n\n<h4 class=\"wp-block-heading\" id=\"h-comment-reussir-votre-seo\"><strong>Comment r\u00e9ussir votre SEO ? <\/strong><\/h4>\n\n\n\n<p>Au sein de l&rsquo;agence web WS, nous proposons un <strong>accompagnement SEO sur mesure<\/strong>, en fonction de vos objectifs et de vos besoins. Nous sommes l\u00e0 pour vous <strong>conseiller et r\u00e9pondre \u00e0 toutes vos questions<\/strong>.<\/p>\n\n\n\n<div class=\"wp-block-buttons is-layout-flex wp-block-buttons-is-layout-flex\">\n<div class=\"wp-block-button is-style-btn-black-arrow\"><a class=\"wp-block-button__link wp-element-button\" href=\"https:\/\/www.wsinteractive.com\/fr\/nos-offres\/accompagnement-seo\/\">D\u00e9couvrez le SEO chez WS<\/a><\/div>\n<\/div>\n\n\n\n<p><\/p>\n<\/div>\n\n\n\n<div class=\"wp-block-column is-vertically-aligned-center is-layout-flow wp-block-column-is-layout-flow\">\n<h2 class=\"wp-block-heading\" id=\"h-le-referencement-optimise-ameliore-la-visibilite\"><strong>Le R\u00e9f\u00e9rencement optimis\u00e9 am\u00e9liore la visibilit\u00e9 ! <br><\/strong><\/h2>\n\n\n\n<h3 class=\"wp-block-heading\" id=\"h-notre-audit-contient\"><strong>Notre audit contient :<\/strong><\/h3>\n\n\n\n<ul class=\"wp-block-list\">\n<li>Une vue d&rsquo;ensemble de votre situation actuelle dont la classement des mots cl\u00e9s principaux,<\/li>\n\n\n\n<li>La performance des mots cl\u00e9s,<\/li>\n\n\n\n<li>La r\u00e9partition du classement et la comparaison avec vos principaux concurrents,<\/li>\n\n\n\n<li>Le trafic g\u00e9n\u00e9r\u00e9,<\/li>\n\n\n\n<li>Les backlinks.<\/li>\n<\/ul>\n\n\n\n<p>Et <strong>les recommandations<\/strong> pour booster votre SEO ! \ud83d\ude80<\/p>\n<\/div>\n<\/div>\n\n\n\n<div style=\"height:27px\" aria-hidden=\"true\" class=\"wp-block-spacer\"><\/div>\n\n\n\n<div class=\"wp-block-columns has-white-background-color has-background is-layout-flex wp-container-core-columns-is-layout-9d6595d7 wp-block-columns-is-layout-flex\">\n<div class=\"wp-block-column is-vertically-aligned-top is-layout-flow wp-block-column-is-layout-flow\">\n<div style=\"height:35px\" aria-hidden=\"true\" class=\"wp-block-spacer\"><\/div>\n\n\n\n<h2 class=\"wp-block-heading\" id=\"h-demandez-l-audit\"><strong>Demandez l&rsquo;audit !<\/strong><\/h2>\n\n\n\n<p class=\"is-style-default\">Veuillez renseigner vos coordonn\u00e9es. Un conseiller vous enverra ensuite votre rapport SEO.<\/p>\n<\/div>\n\n\n\n<div class=\"wp-block-column is-vertically-aligned-center is-layout-flow wp-block-column-is-layout-flow\">\n<div class=\"wp-block-contact-form-7-contact-form-selector\">\n<div class=\"wpcf7 no-js\" id=\"wpcf7-f46364-o1\" lang=\"fr-FR\" dir=\"ltr\" data-wpcf7-id=\"46364\">\n<div class=\"screen-reader-response\"><p role=\"status\" aria-live=\"polite\" aria-atomic=\"true\"><\/p> <ul><\/ul><\/div>\n<form action=\"\/fr\/wp-json\/wp\/v2\/pages\/46352#wpcf7-f46364-o1\" method=\"post\" class=\"wpcf7-form init\" aria-label=\"Formulaire de contact\" novalidate=\"novalidate\" data-status=\"init\">\n<fieldset class=\"hidden-fields-container\"><input type=\"hidden\" name=\"_wpcf7\" value=\"46364\" \/><input type=\"hidden\" name=\"_wpcf7_version\" value=\"6.1.5\" \/><input type=\"hidden\" name=\"_wpcf7_locale\" value=\"fr_FR\" \/><input type=\"hidden\" name=\"_wpcf7_unit_tag\" value=\"wpcf7-f46364-o1\" \/><input type=\"hidden\" name=\"_wpcf7_container_post\" value=\"0\" \/><input type=\"hidden\" name=\"_wpcf7_posted_data_hash\" value=\"\" \/>\n<\/fieldset>\n<div class=\"wpcf7-turnstile cf-turnstile\" data-sitekey=\"0x4AAAAAABm2FJsCERTeVhLR\" data-response-field-name=\"_wpcf7_turnstile_response\"><\/div>\n\n<div class=\"row\">\n\t<div class=\"col-6\">\n\t\t<p><label>Nom<span class=\"mandatory\">*<\/span><\/label><br \/>\n<span class=\"wpcf7-form-control-wrap\" data-name=\"your-name\"><input size=\"40\" maxlength=\"400\" class=\"wpcf7-form-control wpcf7-text wpcf7-validates-as-required\" aria-required=\"true\" aria-invalid=\"false\" placeholder=\"NOM Pr\u00e9nom\" value=\"\" type=\"text\" name=\"your-name\" \/><\/span>\n\t\t<\/p>\n\t<\/div>\n\t<div class=\"col-6\">\n\t\t<p><label>Soci\u00e9t\u00e9<span class=\"mandatory\">*<\/span><\/label><br \/>\n<span class=\"wpcf7-form-control-wrap\" data-name=\"societe\"><input size=\"40\" maxlength=\"400\" class=\"wpcf7-form-control wpcf7-text wpcf7-validates-as-required\" aria-required=\"true\" aria-invalid=\"false\" placeholder=\"Nom de votre organisme\" value=\"\" type=\"text\" name=\"societe\" \/><\/span>\n\t\t<\/p>\n\t<\/div>\n<\/div>\n<div class=\"row\">\n\t<div class=\"col-6\">\n\t\t<p><label>Email<span class=\"mandatory\">*<\/span><\/label><br \/>\n<span class=\"wpcf7-form-control-wrap\" data-name=\"your-email\"><input size=\"40\" maxlength=\"400\" class=\"wpcf7-form-control wpcf7-email wpcf7-validates-as-required wpcf7-text wpcf7-validates-as-email\" aria-required=\"true\" aria-invalid=\"false\" placeholder=\"votreadressemail@mail.com\" value=\"\" type=\"email\" name=\"your-email\" \/><\/span>\n\t\t<\/p>\n\t<\/div>\n\t<div class=\"col-6\">\n\t\t<p><label>T\u00e9l\u00e9phone<\/label><br \/>\n<span class=\"wpcf7-form-control-wrap\" data-name=\"tel-157\"><input size=\"40\" maxlength=\"400\" class=\"wpcf7-form-control wpcf7-tel wpcf7-text wpcf7-validates-as-tel\" aria-invalid=\"false\" placeholder=\"06 00 00 00 00\" value=\"\" type=\"tel\" name=\"tel-157\" \/><\/span>\n\t\t<\/p>\n\t<\/div>\n<\/div>\n<p><label>URL du site<span class=\"mandatory\">*<\/span><\/label><br \/>\n<span class=\"wpcf7-form-control-wrap\" data-name=\"url-651\"><input size=\"40\" maxlength=\"400\" class=\"wpcf7-form-control wpcf7-url wpcf7-validates-as-required wpcf7-text wpcf7-validates-as-url\" aria-required=\"true\" aria-invalid=\"false\" placeholder=\"https:\/\/www.exemple.com\" value=\"\" type=\"url\" name=\"url-651\" \/><\/span>\n<\/p>\n<p><label>Message<\/label><br \/>\n<span class=\"wpcf7-form-control-wrap\" data-name=\"your-message\"><textarea cols=\"40\" rows=\"10\" maxlength=\"2000\" class=\"wpcf7-form-control wpcf7-textarea\" aria-invalid=\"false\" placeholder=\"Avez-vous d&#039;autres demandes concernant votre audit SEO gratuit ?\" name=\"your-message\"><\/textarea><\/span>\n<\/p>\n<div class=\"bottom-part-form\">\n\t<p><span class=\"wpcf7-form-control-wrap\" data-name=\"acceptance\"><span class=\"wpcf7-form-control wpcf7-acceptance\"><span class=\"wpcf7-list-item\"><label><input type=\"checkbox\" name=\"acceptance\" value=\"1\" aria-invalid=\"false\" \/><span class=\"wpcf7-list-item-label\">En cochant cette case, j\u2019accepte les <a href=\"https:\/\/www.wsinteractive.com\/politique-de-confidentialite\/\">conditions g\u00e9n\u00e9rales du site<\/a><\/span><\/label><\/span><\/span><\/span><br \/>\n<span id=\"linkedin\" class=\"wpcf7-form-control-wrap url-linkedin-wrap\" ><input type=\"hidden\" name=\"url-linkedin-time-start\" value=\"1777527760\"><input type=\"hidden\" name=\"url-linkedin-time-check\" value=\"4\"><input id=\"linkedin\"  placeholder=\"Votre LinkedIn\"  class=\"wpcf7-form-control wpcf7-text\" type=\"text\" name=\"url-linkedin\" value=\"\" size=\"40\" tabindex=\"-1\" autocomplete=\"off\" \/><\/span>\n\t<\/p>\n\t<p><input class=\"wpcf7-form-control wpcf7-submit has-spinner submit\" id=\"submit\" type=\"submit\" value=\"Envoyer\" \/>\n\t<\/p>\n<\/div><div class=\"wpcf7-response-output\" aria-hidden=\"true\"><\/div>\n<\/form>\n<\/div>\n<\/div>\n<\/div>\n<\/div>\n","protected":false},"excerpt":{"rendered":"<p>Am\u00e9liorer votre visibilit\u00e9 Demandez l&rsquo;audit SEO gratuit ! Le web \u00e9volue constamment. Votre site suit-il \u00e9galement ces \u00e9volutions ? WS [&hellip;]<\/p>\n","protected":false},"author":1,"featured_media":0,"parent":0,"menu_order":0,"comment_status":"closed","ping_status":"closed","template":"","meta":{"footnotes":""},"class_list":["post-46352","page","type-page","status-publish","hentry"],"yoast_head":"<!-- This site is optimized with the Yoast SEO plugin v27.4 - https:\/\/yoast.com\/product\/yoast-seo-wordpress\/ -->\n<title>Votre audit SEO gratuit - WS Interactive<\/title>\n<meta name=\"description\" content=\"Am\u00e9liorer votre visibilit\u00e9 Demandez l&#039;audit SEO gratuit ! Le web \u00e9volue constamment. Votre site suit-il \u00e9galement ces \u00e9volutions ? WS vous propose un\" \/>\n<meta name=\"robots\" content=\"index, follow, max-snippet:-1, max-image-preview:large, max-video-preview:-1\" \/>\n<link rel=\"canonical\" href=\"https:\/\/www.wsinteractive.com\/fr\/votre-audit-seo-gratuit\/\" \/>\n<meta property=\"og:locale\" content=\"fr_FR\" \/>\n<meta property=\"og:type\" content=\"article\" \/>\n<meta property=\"og:title\" content=\"Votre audit SEO gratuit - WS Interactive\" \/>\n<meta property=\"og:description\" content=\"Am\u00e9liorer votre visibilit\u00e9 Demandez l&#039;audit SEO gratuit ! Le web \u00e9volue constamment. Votre site suit-il \u00e9galement ces \u00e9volutions ? WS vous propose un\" \/>\n<meta property=\"og:url\" content=\"https:\/\/www.wsinteractive.com\/fr\/votre-audit-seo-gratuit\/\" \/>\n<meta property=\"og:site_name\" content=\"WS Interactive\" \/>\n<meta property=\"article:publisher\" content=\"https:\/\/www.facebook.com\/wsinteractive\" \/>\n<meta property=\"article:modified_time\" content=\"2024-10-31T16:02:03+00:00\" \/>\n<meta property=\"og:image\" content=\"https:\/\/www.wsinteractive.com\/wp-content\/uploads\/2023\/03\/article_image_1_.png\" \/>\n<meta name=\"twitter:card\" content=\"summary_large_image\" \/>\n<meta name=\"twitter:site\" content=\"@ws_interactive\" \/>\n<meta name=\"twitter:label1\" content=\"Dur\u00e9e de lecture estim\u00e9e\" \/>\n\t<meta name=\"twitter:data1\" content=\"2 minutes\" \/>\n<script type=\"application\/ld+json\" class=\"yoast-schema-graph\">{\"@context\":\"https:\\\/\\\/schema.org\",\"@graph\":[{\"@type\":\"WebPage\",\"@id\":\"https:\\\/\\\/www.wsinteractive.com\\\/fr\\\/votre-audit-seo-gratuit\\\/\",\"url\":\"https:\\\/\\\/www.wsinteractive.com\\\/fr\\\/votre-audit-seo-gratuit\\\/\",\"name\":\"Votre audit SEO gratuit - WS Interactive\",\"isPartOf\":{\"@id\":\"https:\\\/\\\/www.wsinteractive.com\\\/fr\\\/#website\"},\"primaryImageOfPage\":{\"@id\":\"https:\\\/\\\/www.wsinteractive.com\\\/fr\\\/votre-audit-seo-gratuit\\\/#primaryimage\"},\"image\":{\"@id\":\"https:\\\/\\\/www.wsinteractive.com\\\/fr\\\/votre-audit-seo-gratuit\\\/#primaryimage\"},\"thumbnailUrl\":\"https:\\\/\\\/www.wsinteractive.com\\\/wp-content\\\/uploads\\\/2023\\\/03\\\/article_image_1_.png\",\"datePublished\":\"2024-10-31T13:50:58+00:00\",\"dateModified\":\"2024-10-31T16:02:03+00:00\",\"description\":\"Am\u00e9liorer votre visibilit\u00e9 Demandez l'audit SEO gratuit ! Le web \u00e9volue constamment. Votre site suit-il \u00e9galement ces \u00e9volutions ? WS vous propose un\",\"breadcrumb\":{\"@id\":\"https:\\\/\\\/www.wsinteractive.com\\\/fr\\\/votre-audit-seo-gratuit\\\/#breadcrumb\"},\"inLanguage\":\"fr-FR\",\"potentialAction\":[{\"@type\":\"ReadAction\",\"target\":[\"https:\\\/\\\/www.wsinteractive.com\\\/fr\\\/votre-audit-seo-gratuit\\\/\"]}]},{\"@type\":\"ImageObject\",\"inLanguage\":\"fr-FR\",\"@id\":\"https:\\\/\\\/www.wsinteractive.com\\\/fr\\\/votre-audit-seo-gratuit\\\/#primaryimage\",\"url\":\"https:\\\/\\\/www.wsinteractive.com\\\/wp-content\\\/uploads\\\/2023\\\/03\\\/article_image_1_.png\",\"contentUrl\":\"https:\\\/\\\/www.wsinteractive.com\\\/wp-content\\\/uploads\\\/2023\\\/03\\\/article_image_1_.png\"},{\"@type\":\"BreadcrumbList\",\"@id\":\"https:\\\/\\\/www.wsinteractive.com\\\/fr\\\/votre-audit-seo-gratuit\\\/#breadcrumb\",\"itemListElement\":[{\"@type\":\"ListItem\",\"position\":1,\"name\":\"Home\",\"item\":\"https:\\\/\\\/www.wsinteractive.com\\\/fr\\\/\"},{\"@type\":\"ListItem\",\"position\":2,\"name\":\"Votre audit SEO gratuit\"}]},{\"@type\":\"WebSite\",\"@id\":\"https:\\\/\\\/www.wsinteractive.com\\\/fr\\\/#website\",\"url\":\"https:\\\/\\\/www.wsinteractive.com\\\/fr\\\/\",\"name\":\"WS Interactive\",\"description\":\"WS\",\"publisher\":{\"@id\":\"https:\\\/\\\/www.wsinteractive.com\\\/fr\\\/#organization\"},\"potentialAction\":[{\"@type\":\"SearchAction\",\"target\":{\"@type\":\"EntryPoint\",\"urlTemplate\":\"https:\\\/\\\/www.wsinteractive.com\\\/fr\\\/?s={search_term_string}\"},\"query-input\":{\"@type\":\"PropertyValueSpecification\",\"valueRequired\":true,\"valueName\":\"search_term_string\"}}],\"inLanguage\":\"fr-FR\"},{\"@type\":\"Organization\",\"@id\":\"https:\\\/\\\/www.wsinteractive.com\\\/fr\\\/#organization\",\"name\":\"WS Interactive\",\"url\":\"https:\\\/\\\/www.wsinteractive.com\\\/fr\\\/\",\"logo\":{\"@type\":\"ImageObject\",\"inLanguage\":\"fr-FR\",\"@id\":\"https:\\\/\\\/www.wsinteractive.com\\\/fr\\\/#\\\/schema\\\/logo\\\/image\\\/\",\"url\":\"https:\\\/\\\/www.wsinteractive.com\\\/wp-content\\\/uploads\\\/2024\\\/02\\\/cropped-WSI_logo.svg\",\"contentUrl\":\"https:\\\/\\\/www.wsinteractive.com\\\/wp-content\\\/uploads\\\/2024\\\/02\\\/cropped-WSI_logo.svg\",\"caption\":\"WS Interactive\"},\"image\":{\"@id\":\"https:\\\/\\\/www.wsinteractive.com\\\/fr\\\/#\\\/schema\\\/logo\\\/image\\\/\"},\"sameAs\":[\"https:\\\/\\\/www.facebook.com\\\/wsinteractive\",\"https:\\\/\\\/x.com\\\/ws_interactive\",\"https:\\\/\\\/fr.linkedin.com\\\/company\\\/ws-interactive\",\"https:\\\/\\\/www.instagram.com\\\/ws_interactive\\\/\"]}]}<\/script>\n<!-- \/ Yoast SEO plugin. -->","yoast_head_json":{"title":"Votre audit SEO gratuit - WS Interactive","description":"Am\u00e9liorer votre visibilit\u00e9 Demandez l'audit SEO gratuit ! Le web \u00e9volue constamment. Votre site suit-il \u00e9galement ces \u00e9volutions ? WS vous propose un","robots":{"index":"index","follow":"follow","max-snippet":"max-snippet:-1","max-image-preview":"max-image-preview:large","max-video-preview":"max-video-preview:-1"},"canonical":"https:\/\/www.wsinteractive.com\/fr\/votre-audit-seo-gratuit\/","og_locale":"fr_FR","og_type":"article","og_title":"Votre audit SEO gratuit - WS Interactive","og_description":"Am\u00e9liorer votre visibilit\u00e9 Demandez l'audit SEO gratuit ! Le web \u00e9volue constamment. Votre site suit-il \u00e9galement ces \u00e9volutions ? WS vous propose un","og_url":"https:\/\/www.wsinteractive.com\/fr\/votre-audit-seo-gratuit\/","og_site_name":"WS Interactive","article_publisher":"https:\/\/www.facebook.com\/wsinteractive","article_modified_time":"2024-10-31T16:02:03+00:00","og_image":[{"url":"https:\/\/www.wsinteractive.com\/wp-content\/uploads\/2023\/03\/article_image_1_.png","type":"","width":"","height":""}],"twitter_card":"summary_large_image","twitter_site":"@ws_interactive","twitter_misc":{"Dur\u00e9e de lecture estim\u00e9e":"2 minutes"},"schema":{"@context":"https:\/\/schema.org","@graph":[{"@type":"WebPage","@id":"https:\/\/www.wsinteractive.com\/fr\/votre-audit-seo-gratuit\/","url":"https:\/\/www.wsinteractive.com\/fr\/votre-audit-seo-gratuit\/","name":"Votre audit SEO gratuit - WS Interactive","isPartOf":{"@id":"https:\/\/www.wsinteractive.com\/fr\/#website"},"primaryImageOfPage":{"@id":"https:\/\/www.wsinteractive.com\/fr\/votre-audit-seo-gratuit\/#primaryimage"},"image":{"@id":"https:\/\/www.wsinteractive.com\/fr\/votre-audit-seo-gratuit\/#primaryimage"},"thumbnailUrl":"https:\/\/www.wsinteractive.com\/wp-content\/uploads\/2023\/03\/article_image_1_.png","datePublished":"2024-10-31T13:50:58+00:00","dateModified":"2024-10-31T16:02:03+00:00","description":"Am\u00e9liorer votre visibilit\u00e9 Demandez l'audit SEO gratuit ! Le web \u00e9volue constamment. Votre site suit-il \u00e9galement ces \u00e9volutions ? WS vous propose un","breadcrumb":{"@id":"https:\/\/www.wsinteractive.com\/fr\/votre-audit-seo-gratuit\/#breadcrumb"},"inLanguage":"fr-FR","potentialAction":[{"@type":"ReadAction","target":["https:\/\/www.wsinteractive.com\/fr\/votre-audit-seo-gratuit\/"]}]},{"@type":"ImageObject","inLanguage":"fr-FR","@id":"https:\/\/www.wsinteractive.com\/fr\/votre-audit-seo-gratuit\/#primaryimage","url":"https:\/\/www.wsinteractive.com\/wp-content\/uploads\/2023\/03\/article_image_1_.png","contentUrl":"https:\/\/www.wsinteractive.com\/wp-content\/uploads\/2023\/03\/article_image_1_.png"},{"@type":"BreadcrumbList","@id":"https:\/\/www.wsinteractive.com\/fr\/votre-audit-seo-gratuit\/#breadcrumb","itemListElement":[{"@type":"ListItem","position":1,"name":"Home","item":"https:\/\/www.wsinteractive.com\/fr\/"},{"@type":"ListItem","position":2,"name":"Votre audit SEO gratuit"}]},{"@type":"WebSite","@id":"https:\/\/www.wsinteractive.com\/fr\/#website","url":"https:\/\/www.wsinteractive.com\/fr\/","name":"WS Interactive","description":"WS","publisher":{"@id":"https:\/\/www.wsinteractive.com\/fr\/#organization"},"potentialAction":[{"@type":"SearchAction","target":{"@type":"EntryPoint","urlTemplate":"https:\/\/www.wsinteractive.com\/fr\/?s={search_term_string}"},"query-input":{"@type":"PropertyValueSpecification","valueRequired":true,"valueName":"search_term_string"}}],"inLanguage":"fr-FR"},{"@type":"Organization","@id":"https:\/\/www.wsinteractive.com\/fr\/#organization","name":"WS Interactive","url":"https:\/\/www.wsinteractive.com\/fr\/","logo":{"@type":"ImageObject","inLanguage":"fr-FR","@id":"https:\/\/www.wsinteractive.com\/fr\/#\/schema\/logo\/image\/","url":"https:\/\/www.wsinteractive.com\/wp-content\/uploads\/2024\/02\/cropped-WSI_logo.svg","contentUrl":"https:\/\/www.wsinteractive.com\/wp-content\/uploads\/2024\/02\/cropped-WSI_logo.svg","caption":"WS Interactive"},"image":{"@id":"https:\/\/www.wsinteractive.com\/fr\/#\/schema\/logo\/image\/"},"sameAs":["https:\/\/www.facebook.com\/wsinteractive","https:\/\/x.com\/ws_interactive","https:\/\/fr.linkedin.com\/company\/ws-interactive","https:\/\/www.instagram.com\/ws_interactive\/"]}]}},"_links":{"self":[{"href":"https:\/\/www.wsinteractive.com\/fr\/wp-json\/wp\/v2\/pages\/46352","targetHints":{"allow":["GET"]}}],"collection":[{"href":"https:\/\/www.wsinteractive.com\/fr\/wp-json\/wp\/v2\/pages"}],"about":[{"href":"https:\/\/www.wsinteractive.com\/fr\/wp-json\/wp\/v2\/types\/page"}],"author":[{"embeddable":true,"href":"https:\/\/www.wsinteractive.com\/fr\/wp-json\/wp\/v2\/users\/1"}],"replies":[{"embeddable":true,"href":"https:\/\/www.wsinteractive.com\/fr\/wp-json\/wp\/v2\/comments?post=46352"}],"version-history":[{"count":12,"href":"https:\/\/www.wsinteractive.com\/fr\/wp-json\/wp\/v2\/pages\/46352\/revisions"}],"predecessor-version":[{"id":46722,"href":"https:\/\/www.wsinteractive.com\/fr\/wp-json\/wp\/v2\/pages\/46352\/revisions\/46722"}],"wp:attachment":[{"href":"https:\/\/www.wsinteractive.com\/fr\/wp-json\/wp\/v2\/media?parent=46352"}],"curies":[{"name":"wp","href":"https:\/\/api.w.org\/{rel}","templated":true}]}}