{"id":57,"date":"2022-06-15T15:29:01","date_gmt":"2022-06-15T13:29:01","guid":{"rendered":"https:\/\/www.wsinteractive.com\/?page_id=57"},"modified":"2025-12-05T06:25:38","modified_gmt":"2025-12-05T05:25:38","slug":"nos-offres","status":"publish","type":"page","link":"https:\/\/www.wsinteractive.com\/fr\/nos-offres\/","title":{"rendered":"Nos offres"},"content":{"rendered":"\n<div class=\"wp-block-columns header-page is-layout-flex wp-container-core-columns-is-layout-9d6595d7 wp-block-columns-is-layout-flex\">\n<div class=\"wp-block-column is-vertically-aligned-center is-layout-flow wp-block-column-is-layout-flow\" style=\"flex-basis:35%\">\n<p class=\"is-style-reference-tags\">Nos offres<\/p>\n\n\n\n<h1 class=\"wp-block-heading\" id=\"h-nos-offres-web-apps-seo-ux-ui\">NOS OFFRES <strong>WEB, APPS, SEO, UX\/UI<\/strong><\/h1>\n\n\n\n<p class=\"is-style-subtitle\"><strong>\u00c9co-friendly<\/strong> et performant, WS construit votre site et App dans une d\u00e9marche d\u2019innovation et cr\u00e9ativit\u00e9.<\/p>\n<\/div>\n\n\n\n<div class=\"wp-block-column is-layout-flow wp-block-column-is-layout-flow\" style=\"flex-basis:65%\">\n<figure class=\"wp-block-image size-large\"><img decoding=\"async\" width=\"1024\" height=\"813\" src=\"https:\/\/www.wsinteractive.com\/wp-content\/uploads\/2022\/06\/Groupe-530@2x-1024x813.png\" alt=\"\" class=\"wp-image-117\" srcset=\"https:\/\/www.wsinteractive.com\/wp-content\/uploads\/2022\/06\/Groupe-530@2x-1024x813.png 1024w, https:\/\/www.wsinteractive.com\/wp-content\/uploads\/2022\/06\/Groupe-530@2x-300x238.png 300w, https:\/\/www.wsinteractive.com\/wp-content\/uploads\/2022\/06\/Groupe-530@2x-768x610.png 768w, https:\/\/www.wsinteractive.com\/wp-content\/uploads\/2022\/06\/Groupe-530@2x.png 1300w\" sizes=\"(max-width: 1024px) 100vw, 1024px\" \/><\/figure>\n<\/div>\n<\/div>\n\n\n\n<div class=\"wp-block-columns has-white-background-color has-background is-layout-flex wp-container-core-columns-is-layout-9d6595d7 wp-block-columns-is-layout-flex\">\n<div class=\"wp-block-column is-vertically-aligned-bottom is-layout-flow wp-block-column-is-layout-flow\">\n<figure class=\"wp-block-image size-large\"><img decoding=\"async\" width=\"1024\" height=\"996\" src=\"https:\/\/www.wsinteractive.com\/wp-content\/uploads\/2022\/06\/strategie-de-contenu-1024x996.png\" alt=\"\" class=\"wp-image-199\" srcset=\"https:\/\/www.wsinteractive.com\/wp-content\/uploads\/2022\/06\/strategie-de-contenu-1024x996.png 1024w, https:\/\/www.wsinteractive.com\/wp-content\/uploads\/2022\/06\/strategie-de-contenu-300x292.png 300w, https:\/\/www.wsinteractive.com\/wp-content\/uploads\/2022\/06\/strategie-de-contenu-768x747.png 768w, https:\/\/www.wsinteractive.com\/wp-content\/uploads\/2022\/06\/strategie-de-contenu.png 1488w\" sizes=\"(max-width: 1024px) 100vw, 1024px\" \/><\/figure>\n<\/div>\n\n\n\n<div class=\"wp-block-column is-vertically-aligned-center is-layout-flow wp-block-column-is-layout-flow\">\n<div style=\"height:30px\" aria-hidden=\"true\" class=\"wp-block-spacer\"><\/div>\n\n\n\n<h2 class=\"wp-block-heading\" id=\"h-refonte-amp-creation-de-site-web\">Refonte &amp; cr\u00e9ation de site web<\/h2>\n\n\n\n<p class=\"is-style-subtitle\">&nbsp;La <strong>vitrine de votre structure<\/strong> et l\u2019<strong>outil de votre croissance<\/strong><\/p>\n\n\n\n<p>Vous souhaitez faire rayonner votre image de marque et gagner en visibilit\u00e9 ?&nbsp;<\/p>\n\n\n\n<p><strong>WS vous accompagne dans votre projet de refonte ou de cr\u00e9ation de site web.&nbsp;<\/strong><\/p>\n\n\n\n<p><strong>De WordPress \u00e0 Drupal, nous <\/strong>vous proposons <strong>un accompagnement sur mesure<\/strong> pour construire ensemble votre <strong>site institutionnel ou corporate, vitrine, extranet, intranet, e-commerce\u2026 et plus encore !<\/strong><\/p>\n\n\n\n<p><strong>Alors si vous \u00eates pr\u00eat\u00b7e\u00b7s \u00e0 r\u00e9inventer votre pr\u00e9sence en ligne\u2026&nbsp;<\/strong><\/p>\n\n\n\n<div class=\"wp-block-buttons is-layout-flex wp-block-buttons-is-layout-flex\">\n<div class=\"wp-block-button is-style-btn-purple-arrow\"><a class=\"wp-block-button__link wp-element-button\" href=\"https:\/\/www.wsinteractive.com\/fr\/nos-offres\/creation-de-site-web\/\">Cr\u00e9ation du site web<\/a><\/div>\n<\/div>\n\n\n\n<div style=\"height:30px\" aria-hidden=\"true\" class=\"wp-block-spacer\"><\/div>\n<\/div>\n<\/div>\n\n\n\n<div style=\"height:15px\" aria-hidden=\"true\" class=\"wp-block-spacer\"><\/div>\n\n\n\n<div class=\"wp-block-columns is-layout-flex wp-container-core-columns-is-layout-9d6595d7 wp-block-columns-is-layout-flex\">\n<div class=\"wp-block-column is-vertically-aligned-center is-layout-flow wp-block-column-is-layout-flow\">\n<h2 class=\"wp-block-heading\" id=\"h-accessibilite-numerique\">Accessibilit\u00e9 num\u00e9rique<\/h2>\n\n\n\n<p class=\"is-style-subtitle\"><strong>Vous accompagner dans la mise en conformit\u00e9<\/strong> de votre site web<\/p>\n\n\n\n<p>Chez WS Interactive, nous croyons que le web doit \u00eatre accessible \u00e0 tous. C\u2019est pourquoi nous int\u00e9grons les <strong>meilleures pratiques d\u2019accessibilit\u00e9<\/strong> d\u00e8s la conception de vos projets digitaux. Que ce soit pour <strong>am\u00e9liorer l\u2019ergonomie<\/strong>, <strong>optimiser la navigation<\/strong> ou rendre votre site <strong>conforme aux normes RGAA et WCAG<\/strong>, nous vous accompagnons \u00e0 chaque \u00e9tape.<\/p>\n\n\n\n<p>Notre cheffe de projet, Lucie, certifi\u00e9e en accessibilit\u00e9 num\u00e9rique, vous accompagne dans la d\u00e9claration d&rsquo;accessibilit\u00e9, l&rsquo;audit et la mise en conformit\u00e9 de votre site.<\/p>\n\n\n\n<p>Petit bonus, nous proposons une formation \u00e9ligible Qualiopi pour vous guider \u00e0 r\u00e9diger du contenu accessible <strong>\u2728<\/strong><\/p>\n\n\n\n<p><strong>Parce qu\u2019un web plus accessible est un web plus performant ! \ud83d\ude80&nbsp;<\/strong><\/p>\n\n\n\n<div class=\"wp-block-buttons is-layout-flex wp-block-buttons-is-layout-flex\">\n<div class=\"wp-block-button is-style-btn-purple-arrow\"><a class=\"wp-block-button__link wp-element-button\" href=\"https:\/\/www.wsinteractive.com\/fr\/nos-offres\/accessibilite-numerique\/\">Un web inclusif, \u00e7a commence ici !<\/a><\/div>\n<\/div>\n<\/div>\n\n\n\n<div class=\"wp-block-column is-layout-flow wp-block-column-is-layout-flow\">\n<figure class=\"wp-block-image size-large\"><img decoding=\"async\" width=\"996\" height=\"1024\" src=\"https:\/\/www.wsinteractive.com\/wp-content\/uploads\/2025\/03\/00_section_accessibilite-min-996x1024.png\" alt=\"\" class=\"wp-image-55686\" srcset=\"https:\/\/www.wsinteractive.com\/wp-content\/uploads\/2025\/03\/00_section_accessibilite-min-996x1024.png 996w, https:\/\/www.wsinteractive.com\/wp-content\/uploads\/2025\/03\/00_section_accessibilite-min-292x300.png 292w, https:\/\/www.wsinteractive.com\/wp-content\/uploads\/2025\/03\/00_section_accessibilite-min-768x790.png 768w, https:\/\/www.wsinteractive.com\/wp-content\/uploads\/2025\/03\/00_section_accessibilite-min.png 1153w\" sizes=\"(max-width: 996px) 100vw, 996px\" \/><\/figure>\n<\/div>\n<\/div>\n\n\n\n<div class=\"wp-block-columns has-white-background-color has-background is-layout-flex wp-container-core-columns-is-layout-9d6595d7 wp-block-columns-is-layout-flex\">\n<div class=\"wp-block-column is-vertically-aligned-bottom is-layout-flow wp-block-column-is-layout-flow\">\n<figure class=\"wp-block-image size-large is-resized\"><img decoding=\"async\" width=\"1024\" height=\"978\" src=\"https:\/\/www.wsinteractive.com\/wp-content\/uploads\/2025\/03\/00_ui_ux-min-1024x978.png\" alt=\"\" class=\"wp-image-55702\" style=\"width:671px;height:auto\" srcset=\"https:\/\/www.wsinteractive.com\/wp-content\/uploads\/2025\/03\/00_ui_ux-min-1024x978.png 1024w, https:\/\/www.wsinteractive.com\/wp-content\/uploads\/2025\/03\/00_ui_ux-min-300x287.png 300w, https:\/\/www.wsinteractive.com\/wp-content\/uploads\/2025\/03\/00_ui_ux-min-768x734.png 768w, https:\/\/www.wsinteractive.com\/wp-content\/uploads\/2025\/03\/00_ui_ux-min.png 1080w\" sizes=\"(max-width: 1024px) 100vw, 1024px\" \/><\/figure>\n<\/div>\n\n\n\n<div class=\"wp-block-column is-vertically-aligned-center is-layout-flow wp-block-column-is-layout-flow\">\n<h2 class=\"wp-block-heading\" id=\"h-ux-ui\">UX\/UI <\/h2>\n\n\n\n<p class=\"is-style-subtitle\"><strong>Optimiser<\/strong> l&rsquo;exp\u00e9rience utilisateur de votre site.<\/p>\n\n\n\n<p>Pour convertir vos leads, encore faut-il les retenir !&nbsp;<\/p>\n\n\n\n<p>Chez WS, nous pla\u00e7ons <strong>l\u2019humain au c\u0153ur de notre r\u00e9flexion strat\u00e9gique<\/strong> afin de faire de votre interface un site web pratique et agr\u00e9able d\u2019utilisation.&nbsp;&nbsp;<\/p>\n\n\n\n<p>Au-del\u00e0 de l\u2019UX\/UI, WS aspire \u00e0 d\u00e9velopper des sites intuitifs et inclusifs, dans une approche d\u2019accessibilit\u00e9 num\u00e9rique.<\/p>\n\n\n\n<p>Chaque design est <strong>soigneusement pens\u00e9<\/strong> pour \u00eatre \u00e0 la fois fonctionnel et esth\u00e9tiquement captivant. Et toujours avec une <strong>touche \u00ab Wahou ! \u00bb<\/strong> unique et sur mesure !&nbsp;<\/p>\n\n\n\n<p>Alors, et si on repensait l&rsquo;exp\u00e9rience utilisateur de votre site ?&nbsp;<\/p>\n\n\n\n<div class=\"wp-block-buttons is-layout-flex wp-block-buttons-is-layout-flex\">\n<div class=\"wp-block-button is-style-btn-purple-arrow\"><a class=\"wp-block-button__link wp-element-button\" href=\"https:\/\/www.wsinteractive.com\/fr\/nos-offres\/ux-ui-accessibilite\/\" target=\"_blank\" rel=\"noreferrer noopener\">L\u2019UX et l\u2019UI !<\/a><\/div>\n<\/div>\n<\/div>\n<\/div>\n\n\n\n<div style=\"height:15px\" aria-hidden=\"true\" class=\"wp-block-spacer\"><\/div>\n\n\n\n<div class=\"wp-block-columns is-layout-flex wp-container-core-columns-is-layout-9d6595d7 wp-block-columns-is-layout-flex\">\n<div class=\"wp-block-column is-vertically-aligned-center is-layout-flow wp-block-column-is-layout-flow\">\n<h2 class=\"wp-block-heading\" id=\"h-apps-mobiles\">Apps mobiles<\/h2>\n\n\n\n<p class=\"is-style-subtitle\">Une <strong>application mobile<\/strong> pratique et intuitive au <strong>service de votre activit\u00e9<\/strong>.<\/p>\n\n\n\n<p>Vous souhaitez cr\u00e9er une application mobile pour valoriser&nbsp; vos services ?&nbsp;<\/p>\n\n\n\n<p>Nous cr\u00e9ons des Applications mobiles natives et des PWA&nbsp; <strong>optimis\u00e9es et sur mesure,<\/strong> pour tous les appareils et syst\u00e8mes d&rsquo;exploitation.&nbsp;<\/p>\n\n\n\n<p>Chacune de <strong>nos cr\u00e9ations est unique<\/strong> pour r\u00e9pondre \u00e0 vos besoins sp\u00e9cifiques et cr\u00e9er une application d&rsquo;exception !&nbsp;&nbsp;<\/p>\n\n\n\n<p>Alors ? Pr\u00eat\u00b7e\u00b7s \u00e0 nous rejoindre dans l\u2019aventure de conception d&rsquo;applications mobiles ?<\/p>\n\n\n\n<div class=\"wp-block-buttons is-layout-flex wp-block-buttons-is-layout-flex\">\n<div class=\"wp-block-button is-style-btn-purple-arrow\"><a class=\"wp-block-button__link wp-element-button\" href=\"https:\/\/www.wsinteractive.com\/fr\/nos-offres\/creation-application-mobile\/\" target=\"_blank\" rel=\"noreferrer noopener\">APPs Mobile et PWA<\/a><\/div>\n<\/div>\n<\/div>\n\n\n\n<div class=\"wp-block-column is-layout-flow wp-block-column-is-layout-flow\">\n<figure class=\"wp-block-image size-large\"><img decoding=\"async\" width=\"1024\" height=\"957\" src=\"https:\/\/www.wsinteractive.com\/wp-content\/uploads\/2025\/03\/00_dev-min-1024x957.png\" alt=\"\" class=\"wp-image-55694\" srcset=\"https:\/\/www.wsinteractive.com\/wp-content\/uploads\/2025\/03\/00_dev-min-1024x957.png 1024w, https:\/\/www.wsinteractive.com\/wp-content\/uploads\/2025\/03\/00_dev-min-300x280.png 300w, https:\/\/www.wsinteractive.com\/wp-content\/uploads\/2025\/03\/00_dev-min-768x718.png 768w, https:\/\/www.wsinteractive.com\/wp-content\/uploads\/2025\/03\/00_dev-min.png 1091w\" sizes=\"(max-width: 1024px) 100vw, 1024px\" \/><\/figure>\n<\/div>\n<\/div>\n\n\n\n<div class=\"wp-block-columns has-white-background-color has-background is-layout-flex wp-container-core-columns-is-layout-9d6595d7 wp-block-columns-is-layout-flex\">\n<div class=\"wp-block-column is-vertically-aligned-bottom is-layout-flow wp-block-column-is-layout-flow\">\n<figure class=\"wp-block-image size-large\"><img decoding=\"async\" width=\"1024\" height=\"798\" src=\"https:\/\/www.wsinteractive.com\/wp-content\/uploads\/2025\/03\/00_seo-min-1024x798.png\" alt=\"\" class=\"wp-image-55698\" srcset=\"https:\/\/www.wsinteractive.com\/wp-content\/uploads\/2025\/03\/00_seo-min-1024x798.png 1024w, https:\/\/www.wsinteractive.com\/wp-content\/uploads\/2025\/03\/00_seo-min-300x234.png 300w, https:\/\/www.wsinteractive.com\/wp-content\/uploads\/2025\/03\/00_seo-min-768x599.png 768w, https:\/\/www.wsinteractive.com\/wp-content\/uploads\/2025\/03\/00_seo-min.png 1116w\" sizes=\"(max-width: 1024px) 100vw, 1024px\" \/><\/figure>\n<\/div>\n\n\n\n<div class=\"wp-block-column is-vertically-aligned-center is-layout-flow wp-block-column-is-layout-flow\">\n<h2 class=\"wp-block-heading\" id=\"h-seo-smo-amp-performances-globales\">SEO\/SMO &amp; Performances globales <\/h2>\n\n\n\n<p class=\"is-style-subtitle\"><strong>Valoriser votre activit\u00e9<\/strong> et <strong>booster<\/strong> votre visibilit\u00e9 sur le web<\/p>\n\n\n\n<p>Vous souhaitez <strong>optimiser les performances<\/strong> de votre site web et booster votre visibilit\u00e9 ?&nbsp;<\/p>\n\n\n\n<p>Nous cr\u00e9ons des strat\u00e9gies de contenu &amp; SEO pour <strong>d\u00e9velopper vos&nbsp; comp\u00e9tences<\/strong> avec les outils de suivi (GA4, Search consol, Matomo\u2026). Le but ? <strong>Renforcer votre r\u00e9f\u00e9rencement<\/strong> et vous faire une place dans l\u2019\u00e8re des m\u00e9dias sociaux. \ud83d\ude80<\/p>\n\n\n\n<p>Alors, pr\u00eat\u00b7e\u00b7s \u00e0 faire le grand saut dans l&rsquo;ar\u00e8ne num\u00e9rique ?<\/p>\n\n\n\n<div class=\"wp-block-buttons is-layout-flex wp-block-buttons-is-layout-flex\">\n<div class=\"wp-block-button is-style-btn-purple-arrow\"><a class=\"wp-block-button__link wp-element-button\" href=\"https:\/\/www.wsinteractive.com\/fr\/nos-offres\/accompagnement-seo\/\" target=\"_blank\" rel=\"noreferrer noopener\">SEO chez l\u2019agence web !<\/a><\/div>\n<\/div>\n<\/div>\n<\/div>\n","protected":false},"excerpt":{"rendered":"<p>Nos offres NOS OFFRES WEB, APPS, SEO, UX\/UI \u00c9co-friendly et performant, WS construit votre site et App dans une d\u00e9marche [&hellip;]<\/p>\n","protected":false},"author":1,"featured_media":0,"parent":0,"menu_order":0,"comment_status":"closed","ping_status":"closed","template":"","meta":{"footnotes":""},"class_list":["post-57","page","type-page","status-publish","hentry"],"yoast_head":"<!-- This site is optimized with the Yoast SEO plugin v27.3 - https:\/\/yoast.com\/product\/yoast-seo-wordpress\/ -->\n<title>Notre offre d\u2019Agence Web \u00e0 Toulouse - WS Interactive<\/title>\n<meta name=\"description\" content=\"D\u00e9couvrez tous nos offres et services digitaux comme la strat\u00e9gie de contenu, web design UX\/UI, SEO pour la cr\u00e9ation de votre site web ou app.\" \/>\n<meta name=\"robots\" content=\"index, follow, max-snippet:-1, max-image-preview:large, max-video-preview:-1\" \/>\n<link rel=\"canonical\" href=\"https:\/\/www.wsinteractive.com\/fr\/nos-offres\/\" \/>\n<meta property=\"og:locale\" content=\"fr_FR\" \/>\n<meta property=\"og:type\" content=\"article\" \/>\n<meta property=\"og:title\" content=\"Notre offre d\u2019Agence Web \u00e0 Toulouse - WS Interactive\" \/>\n<meta property=\"og:description\" content=\"D\u00e9couvrez tous nos offres et services digitaux comme la strat\u00e9gie de contenu, web design UX\/UI, SEO pour la cr\u00e9ation de votre site web ou app.\" \/>\n<meta property=\"og:url\" content=\"https:\/\/www.wsinteractive.com\/fr\/nos-offres\/\" \/>\n<meta property=\"og:site_name\" content=\"WS Interactive\" \/>\n<meta property=\"article:publisher\" content=\"https:\/\/www.facebook.com\/wsinteractive\" \/>\n<meta property=\"article:modified_time\" content=\"2025-12-05T05:25:38+00:00\" \/>\n<meta property=\"og:image\" content=\"https:\/\/www.wsinteractive.com\/wp-content\/uploads\/2022\/06\/Groupe-530@2x.png\" \/>\n\t<meta property=\"og:image:width\" content=\"1300\" \/>\n\t<meta property=\"og:image:height\" content=\"1032\" \/>\n\t<meta property=\"og:image:type\" content=\"image\/png\" \/>\n<meta name=\"twitter:card\" content=\"summary_large_image\" \/>\n<meta name=\"twitter:site\" content=\"@ws_interactive\" \/>\n<meta name=\"twitter:label1\" content=\"Dur\u00e9e de lecture estim\u00e9e\" \/>\n\t<meta name=\"twitter:data1\" content=\"4 minutes\" \/>\n<script type=\"application\/ld+json\" class=\"yoast-schema-graph\">{\"@context\":\"https:\\\/\\\/schema.org\",\"@graph\":[{\"@type\":\"WebPage\",\"@id\":\"https:\\\/\\\/www.wsinteractive.com\\\/fr\\\/nos-offres\\\/\",\"url\":\"https:\\\/\\\/www.wsinteractive.com\\\/fr\\\/nos-offres\\\/\",\"name\":\"Notre offre d\u2019Agence Web \u00e0 Toulouse - WS Interactive\",\"isPartOf\":{\"@id\":\"https:\\\/\\\/www.wsinteractive.com\\\/fr\\\/#website\"},\"primaryImageOfPage\":{\"@id\":\"https:\\\/\\\/www.wsinteractive.com\\\/fr\\\/nos-offres\\\/#primaryimage\"},\"image\":{\"@id\":\"https:\\\/\\\/www.wsinteractive.com\\\/fr\\\/nos-offres\\\/#primaryimage\"},\"thumbnailUrl\":\"https:\\\/\\\/www.wsinteractive.com\\\/wp-content\\\/uploads\\\/2022\\\/06\\\/Groupe-530@2x-1024x813.png\",\"datePublished\":\"2022-06-15T13:29:01+00:00\",\"dateModified\":\"2025-12-05T05:25:38+00:00\",\"description\":\"D\u00e9couvrez tous nos offres et services digitaux comme la strat\u00e9gie de contenu, web design UX\\\/UI, SEO pour la cr\u00e9ation de votre site web ou app.\",\"breadcrumb\":{\"@id\":\"https:\\\/\\\/www.wsinteractive.com\\\/fr\\\/nos-offres\\\/#breadcrumb\"},\"inLanguage\":\"fr-FR\",\"potentialAction\":[{\"@type\":\"ReadAction\",\"target\":[\"https:\\\/\\\/www.wsinteractive.com\\\/fr\\\/nos-offres\\\/\"]}]},{\"@type\":\"ImageObject\",\"inLanguage\":\"fr-FR\",\"@id\":\"https:\\\/\\\/www.wsinteractive.com\\\/fr\\\/nos-offres\\\/#primaryimage\",\"url\":\"https:\\\/\\\/www.wsinteractive.com\\\/wp-content\\\/uploads\\\/2022\\\/06\\\/Groupe-530@2x-1024x813.png\",\"contentUrl\":\"https:\\\/\\\/www.wsinteractive.com\\\/wp-content\\\/uploads\\\/2022\\\/06\\\/Groupe-530@2x-1024x813.png\"},{\"@type\":\"BreadcrumbList\",\"@id\":\"https:\\\/\\\/www.wsinteractive.com\\\/fr\\\/nos-offres\\\/#breadcrumb\",\"itemListElement\":[{\"@type\":\"ListItem\",\"position\":1,\"name\":\"Home\",\"item\":\"https:\\\/\\\/www.wsinteractive.com\\\/fr\\\/\"},{\"@type\":\"ListItem\",\"position\":2,\"name\":\"Nos offres\"}]},{\"@type\":\"WebSite\",\"@id\":\"https:\\\/\\\/www.wsinteractive.com\\\/fr\\\/#website\",\"url\":\"https:\\\/\\\/www.wsinteractive.com\\\/fr\\\/\",\"name\":\"WS Interactive\",\"description\":\"WS\",\"publisher\":{\"@id\":\"https:\\\/\\\/www.wsinteractive.com\\\/fr\\\/#organization\"},\"potentialAction\":[{\"@type\":\"SearchAction\",\"target\":{\"@type\":\"EntryPoint\",\"urlTemplate\":\"https:\\\/\\\/www.wsinteractive.com\\\/fr\\\/?s={search_term_string}\"},\"query-input\":{\"@type\":\"PropertyValueSpecification\",\"valueRequired\":true,\"valueName\":\"search_term_string\"}}],\"inLanguage\":\"fr-FR\"},{\"@type\":\"Organization\",\"@id\":\"https:\\\/\\\/www.wsinteractive.com\\\/fr\\\/#organization\",\"name\":\"WS Interactive\",\"url\":\"https:\\\/\\\/www.wsinteractive.com\\\/fr\\\/\",\"logo\":{\"@type\":\"ImageObject\",\"inLanguage\":\"fr-FR\",\"@id\":\"https:\\\/\\\/www.wsinteractive.com\\\/fr\\\/#\\\/schema\\\/logo\\\/image\\\/\",\"url\":\"https:\\\/\\\/www.wsinteractive.com\\\/wp-content\\\/uploads\\\/2024\\\/02\\\/cropped-WSI_logo.svg\",\"contentUrl\":\"https:\\\/\\\/www.wsinteractive.com\\\/wp-content\\\/uploads\\\/2024\\\/02\\\/cropped-WSI_logo.svg\",\"caption\":\"WS Interactive\"},\"image\":{\"@id\":\"https:\\\/\\\/www.wsinteractive.com\\\/fr\\\/#\\\/schema\\\/logo\\\/image\\\/\"},\"sameAs\":[\"https:\\\/\\\/www.facebook.com\\\/wsinteractive\",\"https:\\\/\\\/x.com\\\/ws_interactive\",\"https:\\\/\\\/fr.linkedin.com\\\/company\\\/ws-interactive\",\"https:\\\/\\\/www.instagram.com\\\/ws_interactive\\\/\"]}]}<\/script>\n<!-- \/ Yoast SEO plugin. -->","yoast_head_json":{"title":"Notre offre d\u2019Agence Web \u00e0 Toulouse - WS Interactive","description":"D\u00e9couvrez tous nos offres et services digitaux comme la strat\u00e9gie de contenu, web design UX\/UI, SEO pour la cr\u00e9ation de votre site web ou app.","robots":{"index":"index","follow":"follow","max-snippet":"max-snippet:-1","max-image-preview":"max-image-preview:large","max-video-preview":"max-video-preview:-1"},"canonical":"https:\/\/www.wsinteractive.com\/fr\/nos-offres\/","og_locale":"fr_FR","og_type":"article","og_title":"Notre offre d\u2019Agence Web \u00e0 Toulouse - WS Interactive","og_description":"D\u00e9couvrez tous nos offres et services digitaux comme la strat\u00e9gie de contenu, web design UX\/UI, SEO pour la cr\u00e9ation de votre site web ou app.","og_url":"https:\/\/www.wsinteractive.com\/fr\/nos-offres\/","og_site_name":"WS Interactive","article_publisher":"https:\/\/www.facebook.com\/wsinteractive","article_modified_time":"2025-12-05T05:25:38+00:00","og_image":[{"width":1300,"height":1032,"url":"https:\/\/www.wsinteractive.com\/wp-content\/uploads\/2022\/06\/Groupe-530@2x.png","type":"image\/png"}],"twitter_card":"summary_large_image","twitter_site":"@ws_interactive","twitter_misc":{"Dur\u00e9e de lecture estim\u00e9e":"4 minutes"},"schema":{"@context":"https:\/\/schema.org","@graph":[{"@type":"WebPage","@id":"https:\/\/www.wsinteractive.com\/fr\/nos-offres\/","url":"https:\/\/www.wsinteractive.com\/fr\/nos-offres\/","name":"Notre offre d\u2019Agence Web \u00e0 Toulouse - WS Interactive","isPartOf":{"@id":"https:\/\/www.wsinteractive.com\/fr\/#website"},"primaryImageOfPage":{"@id":"https:\/\/www.wsinteractive.com\/fr\/nos-offres\/#primaryimage"},"image":{"@id":"https:\/\/www.wsinteractive.com\/fr\/nos-offres\/#primaryimage"},"thumbnailUrl":"https:\/\/www.wsinteractive.com\/wp-content\/uploads\/2022\/06\/Groupe-530@2x-1024x813.png","datePublished":"2022-06-15T13:29:01+00:00","dateModified":"2025-12-05T05:25:38+00:00","description":"D\u00e9couvrez tous nos offres et services digitaux comme la strat\u00e9gie de contenu, web design UX\/UI, SEO pour la cr\u00e9ation de votre site web ou app.","breadcrumb":{"@id":"https:\/\/www.wsinteractive.com\/fr\/nos-offres\/#breadcrumb"},"inLanguage":"fr-FR","potentialAction":[{"@type":"ReadAction","target":["https:\/\/www.wsinteractive.com\/fr\/nos-offres\/"]}]},{"@type":"ImageObject","inLanguage":"fr-FR","@id":"https:\/\/www.wsinteractive.com\/fr\/nos-offres\/#primaryimage","url":"https:\/\/www.wsinteractive.com\/wp-content\/uploads\/2022\/06\/Groupe-530@2x-1024x813.png","contentUrl":"https:\/\/www.wsinteractive.com\/wp-content\/uploads\/2022\/06\/Groupe-530@2x-1024x813.png"},{"@type":"BreadcrumbList","@id":"https:\/\/www.wsinteractive.com\/fr\/nos-offres\/#breadcrumb","itemListElement":[{"@type":"ListItem","position":1,"name":"Home","item":"https:\/\/www.wsinteractive.com\/fr\/"},{"@type":"ListItem","position":2,"name":"Nos offres"}]},{"@type":"WebSite","@id":"https:\/\/www.wsinteractive.com\/fr\/#website","url":"https:\/\/www.wsinteractive.com\/fr\/","name":"WS Interactive","description":"WS","publisher":{"@id":"https:\/\/www.wsinteractive.com\/fr\/#organization"},"potentialAction":[{"@type":"SearchAction","target":{"@type":"EntryPoint","urlTemplate":"https:\/\/www.wsinteractive.com\/fr\/?s={search_term_string}"},"query-input":{"@type":"PropertyValueSpecification","valueRequired":true,"valueName":"search_term_string"}}],"inLanguage":"fr-FR"},{"@type":"Organization","@id":"https:\/\/www.wsinteractive.com\/fr\/#organization","name":"WS Interactive","url":"https:\/\/www.wsinteractive.com\/fr\/","logo":{"@type":"ImageObject","inLanguage":"fr-FR","@id":"https:\/\/www.wsinteractive.com\/fr\/#\/schema\/logo\/image\/","url":"https:\/\/www.wsinteractive.com\/wp-content\/uploads\/2024\/02\/cropped-WSI_logo.svg","contentUrl":"https:\/\/www.wsinteractive.com\/wp-content\/uploads\/2024\/02\/cropped-WSI_logo.svg","caption":"WS Interactive"},"image":{"@id":"https:\/\/www.wsinteractive.com\/fr\/#\/schema\/logo\/image\/"},"sameAs":["https:\/\/www.facebook.com\/wsinteractive","https:\/\/x.com\/ws_interactive","https:\/\/fr.linkedin.com\/company\/ws-interactive","https:\/\/www.instagram.com\/ws_interactive\/"]}]}},"_links":{"self":[{"href":"https:\/\/www.wsinteractive.com\/fr\/wp-json\/wp\/v2\/pages\/57","targetHints":{"allow":["GET"]}}],"collection":[{"href":"https:\/\/www.wsinteractive.com\/fr\/wp-json\/wp\/v2\/pages"}],"about":[{"href":"https:\/\/www.wsinteractive.com\/fr\/wp-json\/wp\/v2\/types\/page"}],"author":[{"embeddable":true,"href":"https:\/\/www.wsinteractive.com\/fr\/wp-json\/wp\/v2\/users\/1"}],"replies":[{"embeddable":true,"href":"https:\/\/www.wsinteractive.com\/fr\/wp-json\/wp\/v2\/comments?post=57"}],"version-history":[{"count":90,"href":"https:\/\/www.wsinteractive.com\/fr\/wp-json\/wp\/v2\/pages\/57\/revisions"}],"predecessor-version":[{"id":74734,"href":"https:\/\/www.wsinteractive.com\/fr\/wp-json\/wp\/v2\/pages\/57\/revisions\/74734"}],"wp:attachment":[{"href":"https:\/\/www.wsinteractive.com\/fr\/wp-json\/wp\/v2\/media?parent=57"}],"curies":[{"name":"wp","href":"https:\/\/api.w.org\/{rel}","templated":true}]}}