{"id":63,"date":"2022-06-15T15:29:57","date_gmt":"2022-06-15T13:29:57","guid":{"rendered":"https:\/\/www.wsinteractive.com\/?page_id=63"},"modified":"2025-12-05T16:25:06","modified_gmt":"2025-12-05T15:25:06","slug":"jobs","status":"publish","type":"page","link":"https:\/\/www.wsinteractive.com\/fr\/jobs\/","title":{"rendered":"Jobs"},"content":{"rendered":"\n<div class=\"wp-block-columns header-page is-layout-flex wp-container-core-columns-is-layout-9d6595d7 wp-block-columns-is-layout-flex\">\n<div class=\"wp-block-column is-layout-flow wp-block-column-is-layout-flow\">\n<p class=\"mini-text is-style-reference-tags\"><\/p>\n\n\n\n<h1 class=\"wp-block-heading\" id=\"h-travailler-chez-ws\"><strong>Travailler<\/strong><br>chez WS<\/h1>\n\n\n\n<div id=\"scroll_btn\"><\/div>\n<\/div>\n\n\n\n<div class=\"wp-block-column jobs-banner is-layout-flow wp-block-column-is-layout-flow\">\n<p class=\"is-style-subtitle\">Tout comme le monde du digital, <strong>notre agence grandit \u00e0 vue d\u2019\u0153il !<\/strong><\/p>\n\n\n\n<p>Nous recherchons constamment de <strong>nouveaux talents<\/strong>, alors rejoignez l\u2019\u00e9quipage et faites partie de l\u2019aventure WS. Les <strong>candidatures spontan\u00e9es<\/strong> sont \u00e9tudi\u00e9es et gard\u00e9es au chaud en attendant qu\u2019une nouvelle opportunit\u00e9 se pr\u00e9sente.<\/p>\n<\/div>\n\n\n\n<div class=\"wp-block-column is-layout-flow wp-block-column-is-layout-flow\">\n<figure class=\"wp-block-image size-full\"><img decoding=\"async\" width=\"386\" height=\"289\" src=\"https:\/\/www.wsinteractive.com\/wp-content\/uploads\/2022\/08\/jobs.png\" alt=\"\" class=\"wp-image-1549\" srcset=\"https:\/\/www.wsinteractive.com\/wp-content\/uploads\/2022\/08\/jobs.png 386w, https:\/\/www.wsinteractive.com\/wp-content\/uploads\/2022\/08\/jobs-300x225.png 300w\" sizes=\"(max-width: 386px) 100vw, 386px\" \/><\/figure>\n<\/div>\n<\/div>\n\n\n\n<div class=\"wp-block-query is-layout-flow wp-block-query-is-layout-flow\"><ul class=\"columns-2 wp-block-post-template is-layout-grid wp-container-core-post-template-is-layout-17361a50 wp-block-post-template-is-layout-grid\"><li class=\"wp-block-post post-76884 job-offers type-job-offers status-publish has-post-thumbnail hentry\">\n\n<div class=\"wp-block-group\" style=\"padding-top:30px;padding-right:30px;padding-bottom:30px;padding-left:30px\"><div class=\"wp-block-group__inner-container is-layout-flow wp-block-group-is-layout-flow\"><h2 class=\"wp-block-post-title\"><a href=\"https:\/\/www.wsinteractive.com\/fr\/job\/developpeurse-web-front-end-2026\/\" target=\"_self\" >D\u00e9veloppeur(se) Web Front-end<\/a><\/h2>\n\n\n<div class=\"wp-block-columns is-layout-flex wp-container-core-columns-is-layout-9d6595d7 wp-block-columns-is-layout-flex\">\n<div class=\"wp-block-column is-layout-flow wp-block-column-is-layout-flow\">\n<p>Publi\u00e9 par WS le<\/p>\n<\/div>\n\n\n\n<div class=\"wp-block-column is-layout-flow wp-block-column-is-layout-flow\"><div class=\"wp-block-post-date\"><time datetime=\"2026-01-06T19:47:57+01:00\">06\/01\/2026<\/time><\/div><\/div>\n<\/div>\n<\/div><\/div>\n\n<\/li><li class=\"wp-block-post post-76870 job-offers type-job-offers status-publish has-post-thumbnail hentry\">\n\n<div class=\"wp-block-group\" style=\"padding-top:30px;padding-right:30px;padding-bottom:30px;padding-left:30px\"><div class=\"wp-block-group__inner-container is-layout-flow wp-block-group-is-layout-flow\"><h2 class=\"wp-block-post-title\"><a href=\"https:\/\/www.wsinteractive.com\/fr\/job\/developpeurse-web-back-end-2026\/\" target=\"_self\" >D\u00e9veloppeur(se) Web Back-end<\/a><\/h2>\n\n\n<div class=\"wp-block-columns is-layout-flex wp-container-core-columns-is-layout-9d6595d7 wp-block-columns-is-layout-flex\">\n<div class=\"wp-block-column is-layout-flow wp-block-column-is-layout-flow\">\n<p>Publi\u00e9 par WS le<\/p>\n<\/div>\n\n\n\n<div class=\"wp-block-column is-layout-flow wp-block-column-is-layout-flow\"><div class=\"wp-block-post-date\"><time datetime=\"2026-01-06T19:28:01+01:00\">06\/01\/2026<\/time><\/div><\/div>\n<\/div>\n<\/div><\/div>\n\n<\/li><li class=\"wp-block-post post-76865 job-offers type-job-offers status-publish has-post-thumbnail hentry\">\n\n<div class=\"wp-block-group\" style=\"padding-top:30px;padding-right:30px;padding-bottom:30px;padding-left:30px\"><div class=\"wp-block-group__inner-container is-layout-flow wp-block-group-is-layout-flow\"><h2 class=\"wp-block-post-title\"><a href=\"https:\/\/www.wsinteractive.com\/fr\/job\/developpeurse-drupal-full-stack-2026\/\" target=\"_self\" >D\u00e9veloppeur(se) Drupal full-stack<\/a><\/h2>\n\n\n<div class=\"wp-block-columns is-layout-flex wp-container-core-columns-is-layout-9d6595d7 wp-block-columns-is-layout-flex\">\n<div class=\"wp-block-column is-layout-flow wp-block-column-is-layout-flow\">\n<p>Publi\u00e9 par WS le<\/p>\n<\/div>\n\n\n\n<div class=\"wp-block-column is-layout-flow wp-block-column-is-layout-flow\"><div class=\"wp-block-post-date\"><time datetime=\"2026-01-06T18:59:57+01:00\">06\/01\/2026<\/time><\/div><\/div>\n<\/div>\n<\/div><\/div>\n\n<\/li><\/ul><\/div>\n\n\n\n<div style=\"height:84px\" aria-hidden=\"true\" class=\"wp-block-spacer is-style-wsi-break-line\"><\/div>\n\n\n\n<h2 class=\"wp-block-heading has-text-align-center\" id=\"h-candidature-spontanee\">Candidature spontan\u00e9e<\/h2>\n\n\n\n<div style=\"height:52px\" aria-hidden=\"true\" class=\"wp-block-spacer is-style-default\"><\/div>\n\n\n\n<div class=\"wp-block-contact-form-7-contact-form-selector\">\n<div class=\"wpcf7 no-js\" id=\"wpcf7-f2608-o1\" lang=\"fr-FR\" dir=\"ltr\" data-wpcf7-id=\"2608\">\n<div class=\"screen-reader-response\"><p role=\"status\" aria-live=\"polite\" aria-atomic=\"true\"><\/p> <ul><\/ul><\/div>\n<form action=\"\/fr\/wp-json\/wp\/v2\/pages\/63#wpcf7-f2608-o1\" method=\"post\" class=\"wpcf7-form init\" aria-label=\"Formulaire de contact\" enctype=\"multipart\/form-data\" novalidate=\"novalidate\" data-status=\"init\">\n<fieldset class=\"hidden-fields-container\"><input type=\"hidden\" name=\"_wpcf7\" value=\"2608\" \/><input type=\"hidden\" name=\"_wpcf7_version\" value=\"6.1.5\" \/><input type=\"hidden\" name=\"_wpcf7_locale\" value=\"fr_FR\" \/><input type=\"hidden\" name=\"_wpcf7_unit_tag\" value=\"wpcf7-f2608-o1\" \/><input type=\"hidden\" name=\"_wpcf7_container_post\" value=\"0\" \/><input type=\"hidden\" name=\"_wpcf7_posted_data_hash\" value=\"\" \/>\n<\/fieldset>\n<div class=\"wpcf7-turnstile cf-turnstile\" data-sitekey=\"0x4AAAAAABm2FJsCERTeVhLR\" data-response-field-name=\"_wpcf7_turnstile_response\"><\/div>\n\n<div class=\"row\">\n\t<div class=\"col-6\">\n\t\t<p><span class=\"wpcf7-form-control-wrap\" data-name=\"your-name\"><input size=\"40\" maxlength=\"400\" class=\"wpcf7-form-control wpcf7-text wpcf7-validates-as-required\" aria-required=\"true\" aria-invalid=\"false\" placeholder=\"Nom*\" value=\"\" type=\"text\" name=\"your-name\" \/><\/span>\n\t\t<\/p>\n\t<\/div>\n\t<div class=\"col-6\">\n\t\t<p><span class=\"wpcf7-form-control-wrap\" data-name=\"your-prename\"><input size=\"40\" maxlength=\"400\" class=\"wpcf7-form-control wpcf7-text wpcf7-validates-as-required\" aria-required=\"true\" aria-invalid=\"false\" placeholder=\"Pr\u00e9nom*\" value=\"\" type=\"text\" name=\"your-prename\" \/><\/span>\n\t\t<\/p>\n\t<\/div>\n<\/div>\n<div class=\"row\">\n\t<div class=\"col-6\">\n\t\t<p><span class=\"wpcf7-form-control-wrap\" data-name=\"your-email\"><input size=\"40\" maxlength=\"400\" class=\"wpcf7-form-control wpcf7-email wpcf7-validates-as-required wpcf7-text wpcf7-validates-as-email\" aria-required=\"true\" aria-invalid=\"false\" placeholder=\"Email*\" value=\"\" type=\"email\" name=\"your-email\" \/><\/span>\n\t\t<\/p>\n\t<\/div>\n\t<div class=\"col-6\">\n\t\t<p><span class=\"wpcf7-form-control-wrap\" data-name=\"tel-157\"><input size=\"40\" maxlength=\"400\" class=\"wpcf7-form-control wpcf7-tel wpcf7-text wpcf7-validates-as-tel\" aria-invalid=\"false\" placeholder=\"T\u00e9l\u00e9phone\" value=\"\" type=\"tel\" name=\"tel-157\" \/><\/span>\n\t\t<\/p>\n\t<\/div>\n<\/div>\n<p><span class=\"wpcf7-form-control-wrap\" data-name=\"your-message\"><textarea cols=\"40\" rows=\"10\" maxlength=\"2000\" class=\"wpcf7-form-control wpcf7-textarea wpcf7-validates-as-required\" aria-required=\"true\" aria-invalid=\"false\" placeholder=\"Vos motivations*\" name=\"your-message\"><\/textarea><\/span>\n<\/p>\n<p><label class=\"upload-label file-1\" for=\"file-1\"><span class=\"file-text\"><span class=\"pj\">Pi\u00e8ces jointes<\/span><span class=\"sub-pj\">(CV, lettre de motivation, book, etc.)<\/span><\/span><\/label>\n<\/p>\n<div id=\"allfiles\">\n<\/div>\n<p><span class=\"wpcf7-form-control-wrap\" data-name=\"your-file-1\"><input size=\"40\" class=\"wpcf7-form-control wpcf7-file\" id=\"file-1\" accept=\".pdf,.txt\" aria-invalid=\"false\" type=\"file\" name=\"your-file-1\" \/><\/span>\n<\/p>\n<div class=\"bottom-part-form\">\n\t<p><span class=\"wpcf7-form-control-wrap\" data-name=\"acceptance\"><span class=\"wpcf7-form-control wpcf7-acceptance\"><span class=\"wpcf7-list-item\"><label><input type=\"checkbox\" name=\"acceptance\" value=\"1\" aria-invalid=\"false\" \/><span class=\"wpcf7-list-item-label\">En cochant cette case, j\u2019accepte les <a href =\"https:\/\/www.wsinteractive.com\/politique-de-confidentialite\/\"> conditions g\u00e9n\u00e9rales du site<\/a><\/span><\/label><\/span><\/span><\/span>\n\t<\/p>\n\t<p><span id=\"linkedin\" class=\"wpcf7-form-control-wrap url-linkedin-wrap\" ><input type=\"hidden\" name=\"url-linkedin-time-start\" value=\"1776658813\"><input type=\"hidden\" name=\"url-linkedin-time-check\" value=\"4\"><input id=\"linkedin\"  placeholder=\"Votre LinkedIn\"  class=\"wpcf7-form-control wpcf7-text\" type=\"text\" name=\"url-linkedin\" value=\"\" size=\"40\" tabindex=\"-1\" autocomplete=\"off\" \/><\/span><br \/>\n<input class=\"wpcf7-form-control wpcf7-submit has-spinner submit\" id=\"submit\" type=\"submit\" value=\"Envoyer\" \/>\n\t<\/p>\n<\/div><div class=\"wpcf7-response-output\" aria-hidden=\"true\"><\/div>\n<\/form>\n<\/div>\n<\/div>\n","protected":false},"excerpt":{"rendered":"<p>Travaillerchez WS Tout comme le monde du digital, notre agence grandit \u00e0 vue d\u2019\u0153il ! Nous recherchons constamment de nouveaux [&hellip;]<\/p>\n","protected":false},"author":1,"featured_media":0,"parent":0,"menu_order":0,"comment_status":"closed","ping_status":"closed","template":"","meta":{"footnotes":""},"class_list":["post-63","page","type-page","status-publish","hentry"],"yoast_head":"<!-- This site is optimized with the Yoast SEO plugin v27.3 - https:\/\/yoast.com\/product\/yoast-seo-wordpress\/ -->\n<title>Jobs - WS Interactive<\/title>\n<meta name=\"description\" content=\"Travaillerchez WS Tout comme le monde du digital, notre agence grandit \u00e0 vue d\u2019\u0153il ! Nous recherchons constamment de nouveaux talents, alors rejoignez\" \/>\n<meta name=\"robots\" content=\"index, follow, max-snippet:-1, max-image-preview:large, max-video-preview:-1\" \/>\n<link rel=\"canonical\" href=\"https:\/\/www.wsinteractive.com\/fr\/jobs\/\" \/>\n<meta property=\"og:locale\" content=\"fr_FR\" \/>\n<meta property=\"og:type\" content=\"article\" \/>\n<meta property=\"og:title\" content=\"Jobs - WS Interactive\" \/>\n<meta property=\"og:description\" content=\"Travaillerchez WS Tout comme le monde du digital, notre agence grandit \u00e0 vue d\u2019\u0153il ! Nous recherchons constamment de nouveaux talents, alors rejoignez\" \/>\n<meta property=\"og:url\" content=\"https:\/\/www.wsinteractive.com\/fr\/jobs\/\" \/>\n<meta property=\"og:site_name\" content=\"WS Interactive\" \/>\n<meta property=\"article:publisher\" content=\"https:\/\/www.facebook.com\/wsinteractive\" \/>\n<meta property=\"article:modified_time\" content=\"2025-12-05T15:25:06+00:00\" \/>\n<meta property=\"og:image\" content=\"https:\/\/www.wsinteractive.com\/wp-content\/uploads\/2022\/08\/jobs.png\" \/>\n\t<meta property=\"og:image:width\" content=\"386\" \/>\n\t<meta property=\"og:image:height\" content=\"289\" \/>\n\t<meta property=\"og:image:type\" content=\"image\/png\" \/>\n<meta name=\"twitter:card\" content=\"summary_large_image\" \/>\n<meta name=\"twitter:site\" content=\"@ws_interactive\" \/>\n<meta name=\"twitter:label1\" content=\"Dur\u00e9e de lecture estim\u00e9e\" \/>\n\t<meta name=\"twitter:data1\" content=\"1 minute\" \/>\n<script type=\"application\/ld+json\" class=\"yoast-schema-graph\">{\"@context\":\"https:\\\/\\\/schema.org\",\"@graph\":[{\"@type\":\"WebPage\",\"@id\":\"https:\\\/\\\/www.wsinteractive.com\\\/fr\\\/jobs\\\/\",\"url\":\"https:\\\/\\\/www.wsinteractive.com\\\/fr\\\/jobs\\\/\",\"name\":\"Jobs - WS Interactive\",\"isPartOf\":{\"@id\":\"https:\\\/\\\/www.wsinteractive.com\\\/fr\\\/#website\"},\"primaryImageOfPage\":{\"@id\":\"https:\\\/\\\/www.wsinteractive.com\\\/fr\\\/jobs\\\/#primaryimage\"},\"image\":{\"@id\":\"https:\\\/\\\/www.wsinteractive.com\\\/fr\\\/jobs\\\/#primaryimage\"},\"thumbnailUrl\":\"https:\\\/\\\/www.wsinteractive.com\\\/wp-content\\\/uploads\\\/2022\\\/08\\\/jobs.png\",\"datePublished\":\"2022-06-15T13:29:57+00:00\",\"dateModified\":\"2025-12-05T15:25:06+00:00\",\"description\":\"Travaillerchez WS Tout comme le monde du digital, notre agence grandit \u00e0 vue d\u2019\u0153il ! Nous recherchons constamment de nouveaux talents, alors rejoignez\",\"breadcrumb\":{\"@id\":\"https:\\\/\\\/www.wsinteractive.com\\\/fr\\\/jobs\\\/#breadcrumb\"},\"inLanguage\":\"fr-FR\",\"potentialAction\":[{\"@type\":\"ReadAction\",\"target\":[\"https:\\\/\\\/www.wsinteractive.com\\\/fr\\\/jobs\\\/\"]}]},{\"@type\":\"ImageObject\",\"inLanguage\":\"fr-FR\",\"@id\":\"https:\\\/\\\/www.wsinteractive.com\\\/fr\\\/jobs\\\/#primaryimage\",\"url\":\"https:\\\/\\\/www.wsinteractive.com\\\/wp-content\\\/uploads\\\/2022\\\/08\\\/jobs.png\",\"contentUrl\":\"https:\\\/\\\/www.wsinteractive.com\\\/wp-content\\\/uploads\\\/2022\\\/08\\\/jobs.png\"},{\"@type\":\"BreadcrumbList\",\"@id\":\"https:\\\/\\\/www.wsinteractive.com\\\/fr\\\/jobs\\\/#breadcrumb\",\"itemListElement\":[{\"@type\":\"ListItem\",\"position\":1,\"name\":\"Home\",\"item\":\"https:\\\/\\\/www.wsinteractive.com\\\/fr\\\/\"},{\"@type\":\"ListItem\",\"position\":2,\"name\":\"Jobs\"}]},{\"@type\":\"WebSite\",\"@id\":\"https:\\\/\\\/www.wsinteractive.com\\\/fr\\\/#website\",\"url\":\"https:\\\/\\\/www.wsinteractive.com\\\/fr\\\/\",\"name\":\"WS Interactive\",\"description\":\"WS\",\"publisher\":{\"@id\":\"https:\\\/\\\/www.wsinteractive.com\\\/fr\\\/#organization\"},\"potentialAction\":[{\"@type\":\"SearchAction\",\"target\":{\"@type\":\"EntryPoint\",\"urlTemplate\":\"https:\\\/\\\/www.wsinteractive.com\\\/fr\\\/?s={search_term_string}\"},\"query-input\":{\"@type\":\"PropertyValueSpecification\",\"valueRequired\":true,\"valueName\":\"search_term_string\"}}],\"inLanguage\":\"fr-FR\"},{\"@type\":\"Organization\",\"@id\":\"https:\\\/\\\/www.wsinteractive.com\\\/fr\\\/#organization\",\"name\":\"WS Interactive\",\"url\":\"https:\\\/\\\/www.wsinteractive.com\\\/fr\\\/\",\"logo\":{\"@type\":\"ImageObject\",\"inLanguage\":\"fr-FR\",\"@id\":\"https:\\\/\\\/www.wsinteractive.com\\\/fr\\\/#\\\/schema\\\/logo\\\/image\\\/\",\"url\":\"https:\\\/\\\/www.wsinteractive.com\\\/wp-content\\\/uploads\\\/2024\\\/02\\\/cropped-WSI_logo.svg\",\"contentUrl\":\"https:\\\/\\\/www.wsinteractive.com\\\/wp-content\\\/uploads\\\/2024\\\/02\\\/cropped-WSI_logo.svg\",\"caption\":\"WS Interactive\"},\"image\":{\"@id\":\"https:\\\/\\\/www.wsinteractive.com\\\/fr\\\/#\\\/schema\\\/logo\\\/image\\\/\"},\"sameAs\":[\"https:\\\/\\\/www.facebook.com\\\/wsinteractive\",\"https:\\\/\\\/x.com\\\/ws_interactive\",\"https:\\\/\\\/fr.linkedin.com\\\/company\\\/ws-interactive\",\"https:\\\/\\\/www.instagram.com\\\/ws_interactive\\\/\"]}]}<\/script>\n<!-- \/ Yoast SEO plugin. -->","yoast_head_json":{"title":"Jobs - WS Interactive","description":"Travaillerchez WS Tout comme le monde du digital, notre agence grandit \u00e0 vue d\u2019\u0153il ! Nous recherchons constamment de nouveaux talents, alors rejoignez","robots":{"index":"index","follow":"follow","max-snippet":"max-snippet:-1","max-image-preview":"max-image-preview:large","max-video-preview":"max-video-preview:-1"},"canonical":"https:\/\/www.wsinteractive.com\/fr\/jobs\/","og_locale":"fr_FR","og_type":"article","og_title":"Jobs - WS Interactive","og_description":"Travaillerchez WS Tout comme le monde du digital, notre agence grandit \u00e0 vue d\u2019\u0153il ! Nous recherchons constamment de nouveaux talents, alors rejoignez","og_url":"https:\/\/www.wsinteractive.com\/fr\/jobs\/","og_site_name":"WS Interactive","article_publisher":"https:\/\/www.facebook.com\/wsinteractive","article_modified_time":"2025-12-05T15:25:06+00:00","og_image":[{"width":386,"height":289,"url":"https:\/\/www.wsinteractive.com\/wp-content\/uploads\/2022\/08\/jobs.png","type":"image\/png"}],"twitter_card":"summary_large_image","twitter_site":"@ws_interactive","twitter_misc":{"Dur\u00e9e de lecture estim\u00e9e":"1 minute"},"schema":{"@context":"https:\/\/schema.org","@graph":[{"@type":"WebPage","@id":"https:\/\/www.wsinteractive.com\/fr\/jobs\/","url":"https:\/\/www.wsinteractive.com\/fr\/jobs\/","name":"Jobs - WS Interactive","isPartOf":{"@id":"https:\/\/www.wsinteractive.com\/fr\/#website"},"primaryImageOfPage":{"@id":"https:\/\/www.wsinteractive.com\/fr\/jobs\/#primaryimage"},"image":{"@id":"https:\/\/www.wsinteractive.com\/fr\/jobs\/#primaryimage"},"thumbnailUrl":"https:\/\/www.wsinteractive.com\/wp-content\/uploads\/2022\/08\/jobs.png","datePublished":"2022-06-15T13:29:57+00:00","dateModified":"2025-12-05T15:25:06+00:00","description":"Travaillerchez WS Tout comme le monde du digital, notre agence grandit \u00e0 vue d\u2019\u0153il ! Nous recherchons constamment de nouveaux talents, alors rejoignez","breadcrumb":{"@id":"https:\/\/www.wsinteractive.com\/fr\/jobs\/#breadcrumb"},"inLanguage":"fr-FR","potentialAction":[{"@type":"ReadAction","target":["https:\/\/www.wsinteractive.com\/fr\/jobs\/"]}]},{"@type":"ImageObject","inLanguage":"fr-FR","@id":"https:\/\/www.wsinteractive.com\/fr\/jobs\/#primaryimage","url":"https:\/\/www.wsinteractive.com\/wp-content\/uploads\/2022\/08\/jobs.png","contentUrl":"https:\/\/www.wsinteractive.com\/wp-content\/uploads\/2022\/08\/jobs.png"},{"@type":"BreadcrumbList","@id":"https:\/\/www.wsinteractive.com\/fr\/jobs\/#breadcrumb","itemListElement":[{"@type":"ListItem","position":1,"name":"Home","item":"https:\/\/www.wsinteractive.com\/fr\/"},{"@type":"ListItem","position":2,"name":"Jobs"}]},{"@type":"WebSite","@id":"https:\/\/www.wsinteractive.com\/fr\/#website","url":"https:\/\/www.wsinteractive.com\/fr\/","name":"WS Interactive","description":"WS","publisher":{"@id":"https:\/\/www.wsinteractive.com\/fr\/#organization"},"potentialAction":[{"@type":"SearchAction","target":{"@type":"EntryPoint","urlTemplate":"https:\/\/www.wsinteractive.com\/fr\/?s={search_term_string}"},"query-input":{"@type":"PropertyValueSpecification","valueRequired":true,"valueName":"search_term_string"}}],"inLanguage":"fr-FR"},{"@type":"Organization","@id":"https:\/\/www.wsinteractive.com\/fr\/#organization","name":"WS Interactive","url":"https:\/\/www.wsinteractive.com\/fr\/","logo":{"@type":"ImageObject","inLanguage":"fr-FR","@id":"https:\/\/www.wsinteractive.com\/fr\/#\/schema\/logo\/image\/","url":"https:\/\/www.wsinteractive.com\/wp-content\/uploads\/2024\/02\/cropped-WSI_logo.svg","contentUrl":"https:\/\/www.wsinteractive.com\/wp-content\/uploads\/2024\/02\/cropped-WSI_logo.svg","caption":"WS Interactive"},"image":{"@id":"https:\/\/www.wsinteractive.com\/fr\/#\/schema\/logo\/image\/"},"sameAs":["https:\/\/www.facebook.com\/wsinteractive","https:\/\/x.com\/ws_interactive","https:\/\/fr.linkedin.com\/company\/ws-interactive","https:\/\/www.instagram.com\/ws_interactive\/"]}]}},"_links":{"self":[{"href":"https:\/\/www.wsinteractive.com\/fr\/wp-json\/wp\/v2\/pages\/63","targetHints":{"allow":["GET"]}}],"collection":[{"href":"https:\/\/www.wsinteractive.com\/fr\/wp-json\/wp\/v2\/pages"}],"about":[{"href":"https:\/\/www.wsinteractive.com\/fr\/wp-json\/wp\/v2\/types\/page"}],"author":[{"embeddable":true,"href":"https:\/\/www.wsinteractive.com\/fr\/wp-json\/wp\/v2\/users\/1"}],"replies":[{"embeddable":true,"href":"https:\/\/www.wsinteractive.com\/fr\/wp-json\/wp\/v2\/comments?post=63"}],"version-history":[{"count":23,"href":"https:\/\/www.wsinteractive.com\/fr\/wp-json\/wp\/v2\/pages\/63\/revisions"}],"predecessor-version":[{"id":74861,"href":"https:\/\/www.wsinteractive.com\/fr\/wp-json\/wp\/v2\/pages\/63\/revisions\/74861"}],"wp:attachment":[{"href":"https:\/\/www.wsinteractive.com\/fr\/wp-json\/wp\/v2\/media?parent=63"}],"curies":[{"name":"wp","href":"https:\/\/api.w.org\/{rel}","templated":true}]}}